{"id":1910,"date":"2025-06-12T11:47:33","date_gmt":"2025-06-12T09:47:33","guid":{"rendered":"https:\/\/www.piwet.pulawy.pl\/?page_id=1910"},"modified":"2025-07-30T16:23:58","modified_gmt":"2025-07-30T14:23:58","slug":"fundusze-europejskie-dla-lubelskiego-2021-2027","status":"publish","type":"page","link":"https:\/\/www.piwet.pulawy.pl\/en\/fundusze-europejskie-dla-lubelskiego-2021-2027\/","title":{"rendered":"Fundusze Europejskie dla Lubelskiego 2021-2027"},"content":{"rendered":"\n<figure class=\"wp-block-image size-full\"><img fetchpriority=\"high\" decoding=\"async\" width=\"1024\" height=\"109\" src=\"https:\/\/www.piwet.pulawy.pl\/wp-content\/uploads\/2025\/07\/image.png\" alt=\"\" class=\"wp-image-2443\" srcset=\"https:\/\/www.piwet.pulawy.pl\/wp-content\/uploads\/2025\/07\/image.png 1024w, https:\/\/www.piwet.pulawy.pl\/wp-content\/uploads\/2025\/07\/image-300x32.png 300w, https:\/\/www.piwet.pulawy.pl\/wp-content\/uploads\/2025\/07\/image-768x82.png 768w\" sizes=\"(max-width: 1024px) 100vw, 1024px\" \/><\/figure>\n\n\n\n<p><\/p>\n\n\n\n<p class=\"has-text-color has-link-color wp-elements-496f49495c93d28616fea171bb04c06c\" style=\"color:#1a8314;font-size:20px\"><strong>Wzmocnienie potencja\u0142u Pa\u0144stwowego Instytutu Weterynaryjnego &#8211; Pa\u0144stwowego Instytutu Badawczego w zakresie komercjalizacji bada\u0144 w obszarze bezpiecze\u0144stwa \u017cywno\u015bci, pasz i \u015brodowiska dla podmiot\u00f3w gospodarczych 01.04.2025\u2013 31.12.2026<\/strong><\/p>\n\n\n\n<p style=\"font-size:16px\"><strong>Numer projektu: <\/strong>FELU.01.01-IZ.00-0006\/24-001<\/p>\n\n\n\n<p style=\"font-size:16px\"><strong>Kierownik projektu: <\/strong>dr Ma\u0142gorzata Warenik-Bany<\/p>\n\n\n\n<p style=\"font-size:16px\"><strong>Nazwa dzia\u0142ania i priorytetu<\/strong>: Dzia\u0142anie 1.1 Regionalna infrastruktura badawczo-rozwojowa (typ projektu 1, 2), Priorytet I Badania naukowe i innowacje programu Fundusze Europejskie dla Lubelskiego 2021-2027<br><strong>Okres realizacji:<\/strong> 01.04.2025\u2013 31.12.2026<br><strong>Warto\u015b\u0107 projektu (ca\u0142kowity koszt projektu)<\/strong>: 10 809 790,00 PLN<br><strong>Wysoko\u015b\u0107 wk\u0142adu Funduszy Europejskich:<\/strong> 7 470 180,08 PLN<\/p>\n\n\n\n<p style=\"font-size:16px\"><strong>Zadania, dzia\u0142ania, kt\u00f3re b\u0119d\u0105 realizowane w projekcie:<\/strong> W ramach projektu planowany jest zakup infrastruktury badawczej, niezb\u0119dnej do opracowania rozwi\u0105za\u0144 analitycznych i diagnostycznych w zakresie bada\u0144 mikrobiologicznych, wirusologicznych i chemicznych wykorzystywanych do kontroli bezpiecze\u0144stwa surowc\u00f3w ro\u015blinnych, materia\u0142\u00f3w paszowych, pasz, \u017cywno\u015bci i \u015brodowiska. Zadanie to b\u0119dzie realizowane poprzez:<\/p>\n\n\n\n<ol class=\"wp-block-list\">\n<li style=\"font-size:16px\">Zakup specjalistycznej infrastruktury badawczej:<br>&#8211; Systemu przyspieszonej ekstrakcji rozpuszczalnikami<br>&#8211; Wyparek laboratoryjnych<br>&#8211; Systemu automatycznego przygotowania pr\u00f3bek do analizy instrumentalnej<br>&#8211; Koncentratora blokowego<br>&#8211; Zautomatyzowanego system do przygotowywania pr\u00f3bek<br>&#8211; Aparatury do automatycznej ekstrakcji DNA<br>&#8211; Wyposa\u017cenia do przygotowywania pr\u00f3bek pasz (m\u0142ynek kriogenizny)<br>&#8211; Chromatografu cieczowego po\u0142\u0105czonego z wysokorozdzielczym spektrometrem mas czasu przelotu (LC-HRMS, QToF)<br>&#8211; Wieloparametrowego aparatu do jednoczesnego wykrywania wielu grup antybiotyk\u00f3w i innych substancji przeciwbakteryjnych w \u017cywno\u015bci zwierz\u0119cego pochodzenia opraty o technologi\u0119 biochip chemiluminescencji imunologicznej<br>&#8211; Wieloparametrowego aparatu do wykrywania pozosta\u0142o\u015bci substancji przeciwbakteryjnych w \u017cywno\u015bci zwierz\u0119cego pochodzenia oparty o metod\u0119 immunoenzymatyczn\u0105, zapewniaj\u0105c identyfikacj\u0119 grup antybiotyk\u00f3w w pojedynczej analizie<br>&#8211; Aparatu do real-time PCR (3 szt.)<br>&#8211; Wir\u00f3wki<br>&#8211; Sekwenatora<br>&#8211; Komory laminarnej<br>&#8211; Ch\u0142odziarek\/zamra\u017carek<\/li>\n\n\n\n<li style=\"font-size:16px\">Zakup us\u0142ug szkoleniowych<\/li>\n\n\n\n<li style=\"font-size:16px\">Promocji projektu i zarz\u0105dzania projektem<\/li>\n<\/ol>\n\n\n\n<p style=\"font-size:16px\"><strong>Cele projektu:<\/strong><br><strong>Cel g\u0142\u00f3wny: <\/strong>Wdro\u017cenie innowacyjnych metod analitycznych i test\u00f3w diagnostycznych do cel\u00f3w kontroli bezpiecze\u0144stwa \u0142a\u0144cucha \u017cywno\u015bciowego.<br><strong>Cele szczeg\u00f3\u0142owe:<\/strong><br>&#8211; Opracowanie i wdro\u017cenie metod badawczych w odpowiedzi na wyzwania zwi\u0105zane z produkcj\u0105 bezpiecznej \u017cywno\u015bci o wysokich walorach jako\u015bciowych uwzgl\u0119dniaj\u0105c r\u00f3wnie\u017c kwestie \u015brodowiskowe i mo\u017cliwo\u015bci wykorzystania surowc\u00f3w oraz odpad\u00f3w rolnych na cele nie\u017cywno\u015bciowe.<br>&#8211; Wzrost produktywno\u015bci polskiej gospodarki, opartej na wzro\u015bcie znaczenia bada\u0144 i innowacji w strukturze gospodarczej kraju i wykorzystanie zaawansowanych technologii us\u0142ug dla podmiot\u00f3w gospodarczych w obszarze o strategicznym znaczeniu dla regionu.<\/p>\n\n\n\n<p style=\"font-size:16px\"><strong>Efekty, rezultaty projektu: <\/strong>Realizacja wnioskowanego projektu przyczyni si\u0119 do skuteczniejszego rozpoznania zagro\u017ce\u0144 chemicznych, mikrobiologicznych i wirusologicznych, wp\u0142ywaj\u0105cych na bezpiecze\u0144stwo \u0142a\u0144cucha \u017cywno\u015bciowego i minimalizacji negatywnego oddzia\u0142ywania tych zagro\u017ce\u0144 na zdrowie publiczne oraz wsparcie dla podmiot\u00f3w gospodarczych poszukuj\u0105cych o\u015brodk\u00f3w naukowych, kt\u00f3re b\u0119d\u0105 w stanie sprosta\u0107 ich oczekiwaniom i w szybkim tempie zareagowa\u0107 na potrzeby rynku zwi\u0105zane ze zg\u0142aszanymi obszarami badawczymi z sektora produkcji rolnej i przetw\u00f3rstwa rolno-spo\u017cywczego.<\/p>\n\n\n\n<p style=\"font-size:16px\"><strong>Grupy docelowe:<\/strong><br><strong>Interesariusze g\u0142\u00f3wni: <\/strong>PIWet-PIB oraz klienci PIWet-PIB zlecaj\u0105cy wykonanie bada\u0144 i realizuj\u0105cy wsp\u00f3lne projekty.<\/p>\n\n\n\n<p><\/p>\n","protected":false},"excerpt":{"rendered":"<p>Wzmocnienie potencja\u0142u Pa\u0144stwowego Instytutu Weterynaryjnego &#8211; Pa\u0144stwowego Instytutu Badawczego w zakresie komercjalizacji bada\u0144 w obszarze bezpiecze\u0144stwa \u017cywno\u015bci, pasz i \u015brodowiska dla podmiot\u00f3w gospodarczych 01.04.2025\u2013 31.12.2026 Numer projektu: FELU.01.01-IZ.00-0006\/24-001 Kierownik projektu: dr Ma\u0142gorzata Warenik-Bany Nazwa dzia\u0142ania i priorytetu: Dzia\u0142anie 1.1 Regionalna infrastruktura badawczo-rozwojowa (typ projektu 1, 2), Priorytet I Badania naukowe i innowacje programu Fundusze Europejskie [&hellip;]<\/p>\n","protected":false},"author":2,"featured_media":0,"parent":0,"menu_order":0,"comment_status":"closed","ping_status":"closed","template":"fullwidth-page.php","meta":{"footnotes":""},"class_list":["post-1910","page","type-page","status-publish","hentry"],"rttpg_featured_image_url":null,"rttpg_author":{"display_name":"Marta Antas","author_link":"https:\/\/www.piwet.pulawy.pl\/en\/author\/mantas\/"},"rttpg_comment":0,"rttpg_category":false,"rttpg_excerpt":"Wzmocnienie potencja\u0142u Pa\u0144stwowego Instytutu Weterynaryjnego &#8211; Pa\u0144stwowego Instytutu Badawczego w zakresie komercjalizacji bada\u0144 w obszarze bezpiecze\u0144stwa \u017cywno\u015bci, pasz i \u015brodowiska dla podmiot\u00f3w gospodarczych 01.04.2025\u2013 31.12.2026 Numer projektu: FELU.01.01-IZ.00-0006\/24-001 Kierownik projektu: dr Ma\u0142gorzata Warenik-Bany Nazwa dzia\u0142ania i priorytetu: Dzia\u0142anie 1.1 Regionalna infrastruktura badawczo-rozwojowa (typ projektu 1, 2), Priorytet I Badania naukowe i innowacje programu Fundusze Europejskie&hellip;","_links":{"self":[{"href":"https:\/\/www.piwet.pulawy.pl\/en\/wp-json\/wp\/v2\/pages\/1910","targetHints":{"allow":["GET"]}}],"collection":[{"href":"https:\/\/www.piwet.pulawy.pl\/en\/wp-json\/wp\/v2\/pages"}],"about":[{"href":"https:\/\/www.piwet.pulawy.pl\/en\/wp-json\/wp\/v2\/types\/page"}],"author":[{"embeddable":true,"href":"https:\/\/www.piwet.pulawy.pl\/en\/wp-json\/wp\/v2\/users\/2"}],"replies":[{"embeddable":true,"href":"https:\/\/www.piwet.pulawy.pl\/en\/wp-json\/wp\/v2\/comments?post=1910"}],"version-history":[{"count":6,"href":"https:\/\/www.piwet.pulawy.pl\/en\/wp-json\/wp\/v2\/pages\/1910\/revisions"}],"predecessor-version":[{"id":2541,"href":"https:\/\/www.piwet.pulawy.pl\/en\/wp-json\/wp\/v2\/pages\/1910\/revisions\/2541"}],"wp:attachment":[{"href":"https:\/\/www.piwet.pulawy.pl\/en\/wp-json\/wp\/v2\/media?parent=1910"}],"curies":[{"name":"wp","href":"https:\/\/api.w.org\/{rel}","templated":true}]}}