{"id":1859,"date":"2025-06-12T09:40:12","date_gmt":"2025-06-12T07:40:12","guid":{"rendered":"https:\/\/www.piwet.pulawy.pl\/?page_id=1859"},"modified":"2025-08-06T14:33:20","modified_gmt":"2025-08-06T12:33:20","slug":"badania-bieglosci-1","status":"publish","type":"page","link":"https:\/\/www.piwet.pulawy.pl\/en\/badania-bieglosci-1\/","title":{"rendered":"Badania bieg\u0142o\u015bci"},"content":{"rendered":"\n<p style=\"font-size:16px\"><strong>Badania bieg\u0142o\u015bci (PT, ang. proficiency testing)<\/strong> &#8211; stanowi\u0105 jeden z podstawowych element\u00f3w wykazania kompetencji technicznych laboratori\u00f3w.<\/p>\n\n\n\n<p style=\"font-size:16px\"><strong>Serdecznie zapraszamy do udzia\u0142u w badaniach bieg\u0142o\u015bci organizowanych przez krajowe laboratoria referencyjne Pa\u0144stwowego Instytutu Weterynaryjnego &#8211; Pa\u0144stwowego Instytutu Badawczego w Pu\u0142awach.<\/strong> Szczeg\u00f3\u0142owe informacje dotycz\u0105ce program\u00f3w bada\u0144 bieg\u0142o\u015bci oraz warunk\u00f3w uczestnictwa odnajd\u0105 Pa\u0144stwo wybieraj\u0105c link: <\/p>\n\n\n\n<p><a href=\"https:\/\/eklient.piwet.pulawy.pl\/badanie_bieglosci\" target=\"_blank\" rel=\"noreferrer noopener\">https:\/\/eklient.piwet.pulawy.pl\/badanie_bieglosci<\/a><\/p>\n\n\n\n<p><a href=\"https:\/\/www.piwet.pulawy.pl\/lims-files\/wn.file\/wn.file.00005075.eaec28a39fa8c263acc509a4c785493b068ea844.pdf\" target=\"_blank\" rel=\"noreferrer noopener\">Harmonogram<\/a><\/p>\n\n\n\n<p><\/p>\n\n\n\n<p><\/p>\n","protected":false},"excerpt":{"rendered":"<p>Badania bieg\u0142o\u015bci (PT, ang. proficiency testing) &#8211; stanowi\u0105 jeden z podstawowych element\u00f3w wykazania kompetencji technicznych laboratori\u00f3w. Serdecznie zapraszamy do udzia\u0142u w badaniach bieg\u0142o\u015bci organizowanych przez krajowe laboratoria referencyjne Pa\u0144stwowego Instytutu Weterynaryjnego &#8211; Pa\u0144stwowego Instytutu Badawczego w Pu\u0142awach. Szczeg\u00f3\u0142owe informacje dotycz\u0105ce program\u00f3w bada\u0144 bieg\u0142o\u015bci oraz warunk\u00f3w uczestnictwa odnajd\u0105 Pa\u0144stwo wybieraj\u0105c link: https:\/\/eklient.piwet.pulawy.pl\/badanie_bieglosci Harmonogram<\/p>\n","protected":false},"author":2,"featured_media":0,"parent":0,"menu_order":0,"comment_status":"closed","ping_status":"closed","template":"fullwidth-page.php","meta":{"footnotes":""},"class_list":["post-1859","page","type-page","status-publish","hentry"],"rttpg_featured_image_url":null,"rttpg_author":{"display_name":"Marta Antas","author_link":"https:\/\/www.piwet.pulawy.pl\/en\/author\/mantas\/"},"rttpg_comment":0,"rttpg_category":false,"rttpg_excerpt":"Badania bieg\u0142o\u015bci (PT, ang. proficiency testing) &#8211; stanowi\u0105 jeden z podstawowych element\u00f3w wykazania kompetencji technicznych laboratori\u00f3w. Serdecznie zapraszamy do udzia\u0142u w badaniach bieg\u0142o\u015bci organizowanych przez krajowe laboratoria referencyjne Pa\u0144stwowego Instytutu Weterynaryjnego &#8211; Pa\u0144stwowego Instytutu Badawczego w Pu\u0142awach. Szczeg\u00f3\u0142owe informacje dotycz\u0105ce program\u00f3w bada\u0144 bieg\u0142o\u015bci oraz warunk\u00f3w uczestnictwa odnajd\u0105 Pa\u0144stwo wybieraj\u0105c link: https:\/\/eklient.piwet.pulawy.pl\/badanie_bieglosci Harmonogram","_links":{"self":[{"href":"https:\/\/www.piwet.pulawy.pl\/en\/wp-json\/wp\/v2\/pages\/1859","targetHints":{"allow":["GET"]}}],"collection":[{"href":"https:\/\/www.piwet.pulawy.pl\/en\/wp-json\/wp\/v2\/pages"}],"about":[{"href":"https:\/\/www.piwet.pulawy.pl\/en\/wp-json\/wp\/v2\/types\/page"}],"author":[{"embeddable":true,"href":"https:\/\/www.piwet.pulawy.pl\/en\/wp-json\/wp\/v2\/users\/2"}],"replies":[{"embeddable":true,"href":"https:\/\/www.piwet.pulawy.pl\/en\/wp-json\/wp\/v2\/comments?post=1859"}],"version-history":[{"count":16,"href":"https:\/\/www.piwet.pulawy.pl\/en\/wp-json\/wp\/v2\/pages\/1859\/revisions"}],"predecessor-version":[{"id":2852,"href":"https:\/\/www.piwet.pulawy.pl\/en\/wp-json\/wp\/v2\/pages\/1859\/revisions\/2852"}],"wp:attachment":[{"href":"https:\/\/www.piwet.pulawy.pl\/en\/wp-json\/wp\/v2\/media?parent=1859"}],"curies":[{"name":"wp","href":"https:\/\/api.w.org\/{rel}","templated":true}]}}