{"id":1823,"date":"2025-06-05T13:03:03","date_gmt":"2025-06-05T11:03:03","guid":{"rendered":"https:\/\/www.piwet.pulawy.pl\/?page_id=1823"},"modified":"2025-06-05T13:03:03","modified_gmt":"2025-06-05T11:03:03","slug":"ministerstwo-nauki-i-szkolnictwa-wyzszego-rozwoj-czasopism-naukowych-zakup-i-wdrozenie-do-prac-redakcji-jvr-dodatkowego-modulu-produkcyjnego-oraz-kontynuacja-wdrozenia-systemu-z-pierwsz","status":"publish","type":"page","link":"https:\/\/www.piwet.pulawy.pl\/en\/ministerstwo-nauki-i-szkolnictwa-wyzszego-rozwoj-czasopism-naukowych-zakup-i-wdrozenie-do-prac-redakcji-jvr-dodatkowego-modulu-produkcyjnego-oraz-kontynuacja-wdrozenia-systemu-z-pierwsz\/","title":{"rendered":"Ministerstwo Nauki i Szkolnictwa Wy\u017cszego, Rozw\u00f3j czasopism naukowych\u00a0\u201eZakup i wdro\u017cenie do prac Redakcji JVR dodatkowego modu\u0142u produkcyjnego oraz kontynuacja wdro\u017cenia systemu z pierwszego etapu projektu\u201d 2023-2024"},"content":{"rendered":"\n<p class=\"has-text-color has-link-color wp-elements-ce3f107a25c0e14c0a48ca9790d71cfb\" style=\"color:#1a8314;font-size:20px\">Ministerstwo Nauki i Szkolnictwa Wy\u017cszego, Rozw\u00f3j czasopism naukowych\u00a0<strong>\u201eZakup i wdro\u017cenie do prac Redakcji JVR dodatkowego modu\u0142u produkcyjnego oraz kontynuacja wdro\u017cenia systemu z pierwszego etapu projektu\u201d<\/strong> 2023-2024<\/p>\n\n\n\n<p style=\"font-size:16px\"><strong>Kierownik projektu: <\/strong>prof. dr hab. Beata Cuvelier<\/p>\n\n\n\n<p style=\"font-size:16px\"><strong>\u015arodki finansowe:<\/strong>\u00a050 000,00 z\u0142<\/p>\n\n\n\n<p style=\"font-size:16px\"><strong>Opis projektu: <\/strong>Zaawansowane technologicznie czasopisma naukowe o znacz\u0105cej randze mi\u0119dzynarodowej u\u017cywaj\u0105 system\u00f3w informatycznych umo\u017cliwiaj\u0105cych zarz\u0105dzanie procesem redakcyjnym. Celem wnioskowanego projektu jest zakup i wdro\u017cenie kompleksowego elektronicznego systemu do zarz\u0105dzania procesem redakcyjnym uwzgl\u0119dniaj\u0105cego wykorzystanie cyfrowych identyfikator\u00f3w artyku\u0142\u00f3w (DOI) oraz unikalnych identyfikator\u00f3w naukowc\u00f3w (ORCID) i upowszechnianie opublikowanych artyku\u0142\u00f3w. System ten zapewni sta\u0142y, niezak\u0142\u00f3cony obieg nadsy\u0142anych manuskrypt\u00f3w na poziomach autor-redakcja-recenzent, od momentu ich rejestracji, do opublikowania artyku\u0142u, co znacz\u0105co skr\u00f3ci i u\u0142atwi proces wydawniczy. Projekt b\u0119dzie realizowany w dw\u00f3ch etapach, po 12 miesi\u0119cy. W pierwszym etapie przewiduje si\u0119 zakup i wdro\u017cenie elektronicznego systemu zarz\u0105dzania zg\u0142aszaniem, recenzowaniem i przetwarzaniem artyku\u0142\u00f3w. W drugim etapie b\u0119d\u0105 kontynuowane prace etapu pierwszego oraz planowany jest zakup i wdro\u017cenie dodatkowego modu\u0142u produkcyjnego, kt\u00f3ry umo\u017cliwi wsparcie proces\u00f3w przygotowania ostatecznych wersji manuskrypt\u00f3w do publikacji i upowszechniania. Kompleksowy system do zarz\u0105dzania procesem redakcyjnym umo\u017cliwi Redakcji JVR jednoczesne zarz\u0105dzanie wieloma nades\u0142anymi manuskryptami, co w istotny spos\u00f3b wp\u0142ynie na efektywno\u015b\u0107 pracy oraz idealnie wpisuje si\u0119 w jeden z g\u0142\u00f3wnych cel\u00f3w wsparcia przez MEiN polskich czasopism &#8211; podniesienie poziomu praktyk wydawniczych i edytorskich. Realizacja projektu przyczyni si\u0119 do utrzymania czasopisma w mi\u0119dzynarodowym obiegu naukowym, poprzez dostosowanie JVR do mi\u0119dzynarodowych standard\u00f3w dla czasopism naukowych. Publikacje naukowe zamieszczone na \u0142amach JVR, przygotowane z zastosowaniem omawianego systemu zostan\u0105 przekazane do repozytorium cyfrowego Biblioteki Narodowej oraz b\u0119d\u0105 dost\u0119pne dla ka\u017cdego u\u017cytkownika bezp\u0142atnie, na stronie internetowej http:\/jvetres.piwet.pulawy.pl oraz w otwartym dost\u0119pie Open Access na platformie wydawniczej DeGruyter \u2013 Sciendo.com.<\/p>\n\n\n\n<p><\/p>\n","protected":false},"excerpt":{"rendered":"<p>Ministerstwo Nauki i Szkolnictwa Wy\u017cszego, Rozw\u00f3j czasopism naukowych\u00a0\u201eZakup i wdro\u017cenie do prac Redakcji JVR dodatkowego modu\u0142u produkcyjnego oraz kontynuacja wdro\u017cenia systemu z pierwszego etapu projektu\u201d 2023-2024 Kierownik projektu: prof. dr hab. Beata Cuvelier \u015arodki finansowe:\u00a050 000,00 z\u0142 Opis projektu: Zaawansowane technologicznie czasopisma naukowe o znacz\u0105cej randze mi\u0119dzynarodowej u\u017cywaj\u0105 system\u00f3w informatycznych umo\u017cliwiaj\u0105cych zarz\u0105dzanie procesem redakcyjnym. Celem [&hellip;]<\/p>\n","protected":false},"author":2,"featured_media":0,"parent":0,"menu_order":0,"comment_status":"closed","ping_status":"closed","template":"fullwidth-page.php","meta":{"footnotes":""},"class_list":["post-1823","page","type-page","status-publish","hentry"],"rttpg_featured_image_url":null,"rttpg_author":{"display_name":"Marta Antas","author_link":"https:\/\/www.piwet.pulawy.pl\/en\/author\/mantas\/"},"rttpg_comment":0,"rttpg_category":false,"rttpg_excerpt":"Ministerstwo Nauki i Szkolnictwa Wy\u017cszego, Rozw\u00f3j czasopism naukowych\u00a0\u201eZakup i wdro\u017cenie do prac Redakcji JVR dodatkowego modu\u0142u produkcyjnego oraz kontynuacja wdro\u017cenia systemu z pierwszego etapu projektu\u201d 2023-2024 Kierownik projektu: prof. dr hab. Beata Cuvelier \u015arodki finansowe:\u00a050 000,00 z\u0142 Opis projektu: Zaawansowane technologicznie czasopisma naukowe o znacz\u0105cej randze mi\u0119dzynarodowej u\u017cywaj\u0105 system\u00f3w informatycznych umo\u017cliwiaj\u0105cych zarz\u0105dzanie procesem redakcyjnym. Celem&hellip;","_links":{"self":[{"href":"https:\/\/www.piwet.pulawy.pl\/en\/wp-json\/wp\/v2\/pages\/1823","targetHints":{"allow":["GET"]}}],"collection":[{"href":"https:\/\/www.piwet.pulawy.pl\/en\/wp-json\/wp\/v2\/pages"}],"about":[{"href":"https:\/\/www.piwet.pulawy.pl\/en\/wp-json\/wp\/v2\/types\/page"}],"author":[{"embeddable":true,"href":"https:\/\/www.piwet.pulawy.pl\/en\/wp-json\/wp\/v2\/users\/2"}],"replies":[{"embeddable":true,"href":"https:\/\/www.piwet.pulawy.pl\/en\/wp-json\/wp\/v2\/comments?post=1823"}],"version-history":[{"count":1,"href":"https:\/\/www.piwet.pulawy.pl\/en\/wp-json\/wp\/v2\/pages\/1823\/revisions"}],"predecessor-version":[{"id":1824,"href":"https:\/\/www.piwet.pulawy.pl\/en\/wp-json\/wp\/v2\/pages\/1823\/revisions\/1824"}],"wp:attachment":[{"href":"https:\/\/www.piwet.pulawy.pl\/en\/wp-json\/wp\/v2\/media?parent=1823"}],"curies":[{"name":"wp","href":"https:\/\/api.w.org\/{rel}","templated":true}]}}