{"id":1636,"date":"2025-06-02T12:59:11","date_gmt":"2025-06-02T10:59:11","guid":{"rendered":"https:\/\/www.piwet.pulawy.pl\/?page_id=1636"},"modified":"2025-06-02T12:59:11","modified_gmt":"2025-06-02T10:59:11","slug":"narodowe-centrum-nauki-miniatura-7-pionierskie-badania-genetyczne-nad-hybrydyzacja-miedzygatunkowa-trichinella-spiralis-i-trichinella-britovi-badania-wstepne-28-11-2023-27-11-2","status":"publish","type":"page","link":"https:\/\/www.piwet.pulawy.pl\/en\/narodowe-centrum-nauki-miniatura-7-pionierskie-badania-genetyczne-nad-hybrydyzacja-miedzygatunkowa-trichinella-spiralis-i-trichinella-britovi-badania-wstepne-28-11-2023-27-11-2\/","title":{"rendered":"Narodowe Centrum Nauki, MINIATURA 7, \u201ePionierskie badania genetyczne nad hybrydyzacj\u0105 mi\u0119dzygatunkow\u0105 Trichinella spiralis i Trichinella britovi &#8211; badania wst\u0119pne\u201d 28.11.2023 &#8211; 27.11.2024"},"content":{"rendered":"\n<figure class=\"wp-block-image size-full\"><img fetchpriority=\"high\" decoding=\"async\" width=\"1024\" height=\"86\" src=\"https:\/\/www.piwet.pulawy.pl\/wp-content\/uploads\/2025\/06\/image-5.png\" alt=\"\" class=\"wp-image-1637\" srcset=\"https:\/\/www.piwet.pulawy.pl\/wp-content\/uploads\/2025\/06\/image-5.png 1024w, https:\/\/www.piwet.pulawy.pl\/wp-content\/uploads\/2025\/06\/image-5-300x25.png 300w, https:\/\/www.piwet.pulawy.pl\/wp-content\/uploads\/2025\/06\/image-5-768x65.png 768w\" sizes=\"(max-width: 1024px) 100vw, 1024px\" \/><\/figure>\n\n\n\n<p><\/p>\n\n\n\n<p class=\"has-text-color has-link-color wp-elements-9c720a9eaa2cccc250a6ccacf5877422\" style=\"color:#1a8314;font-size:20px\"><strong>Narodowe Centrum Nauki, MINIATURA 7, \u201ePionierskie badania genetyczne nad hybrydyzacj\u0105 mi\u0119dzygatunkow\u0105 Trichinella spiralis i Trichinella britovi &#8211; badania wst\u0119pne\u201d <\/strong>28.11.2023 &#8211; 27.11.2024<\/p>\n\n\n\n<p style=\"font-size:16px\"><strong>Kierownik projektu<\/strong>: dr hab. Ewa Bilska Zaj\u0105c<\/p>\n\n\n\n<p style=\"font-size:16px\"><strong>\u015arodki finansowe<\/strong>: 44 000,00 z\u0142<\/p>\n\n\n\n<p style=\"font-size:16px\"><strong>Opis projektu: <\/strong>W\u0142o\u015bnica jest zoonoz\u0105 paso\u017cytnicz\u0105, kt\u00f3rej czynnikiem etiologicznym s\u0105 nicienie z rodzaju Trichinella. Do zara\u017cenia ludzi dochodzi poprzez spo\u017cycie mi\u0119sa zawieraj\u0105cego \u017cywe larwy w\u0142o\u015bni (np. mi\u0119sa dzik\u00f3w, \u015bwi\u0144 i koni). Wszystkie rozpoznane dotychczas gatunki Trichinella s\u0105 chorobotw\u00f3rcze dla ludzi. Na podstawie bada\u0144 molekularnych, w Polsce potwierdzono wyst\u0119powanie czterech z nich: Trichinella spiralis, Trichinella britovi, Trichinella pseudospiralis i Trichinella nativa. Najbardziej rozpowszechnione s\u0105 jednak T.spiralis i T.britovi. Ponadto, w oko\u0142o 3% populacji dzik\u00f3w zara\u017conych w\u0142o\u015bnic\u0105 stwierdza si\u0119 wyst\u0119powanie inwazji mieszanych T.spiralis \/T.britovi. W 2015 r. w wyniku bada\u0144 w\u0142asnych, po raz pierwszy na \u015bwiecie, wykryto naturalnie wyst\u0119puj\u0105ce hybrydy pomi\u0119dzy gatunkami T.spiralis i T.britovi. Osi\u0105gni\u0119cie to by\u0142o mo\u017cliwe dzi\u0119ki analizie fragment\u00f3w gen\u00f3w 5S rDNA-ISR i mitochondrialnego genu CO1. Wykryte hybrydy zosta\u0142y wyizolowane od czterech dzik\u00f3w i dw\u00f3ch lis\u00f3w, u kt\u00f3rych stwierdzono inwazje mieszane T.spiralis\/T.britovi. W do\u015bwiadczeniach laboratoryjnych prowadzonych przez inn\u0105 grup\u0119 naukowc\u00f3w polegaj\u0105cych na krzy\u017cowaniu larw T.spiralis i T.britovi uzyskano jedynie hybrydy pomi\u0119dzy samicami T.spiralis i samcami T.britovi, ale nie w drugim kierunku. W badaniach w\u0142asnych przeprowadzono analizy mo\u017cliwych scenariuszy hybrydyzacji T.spiralis i T.britovi. Na podstawie bada\u0144 fragment\u00f3w 5S rDNA-ISR i mitochondrialnych sekwencji genu CO1 wykazano mo\u017cliwo\u015b\u0107 krzy\u017cowania si\u0119 tych gatunk\u00f3w w obu kombinacjach p\u0142ci (tj \u2640 T.spiralis x \u2642 T.britovi i \u2640 T.britovi x \u2642 T.spiralis ). Jednocze\u015bnie analizy te potwierdzi\u0142y, \u017ce wykryte, hybrydy mi\u0119dzygatunkowe pochodz\u0105 z generacji F2. Potwierdza to mo\u017cliwo\u015b\u0107 naturalnego krzy\u017cowania T.spiralis i T.britovi oraz wydawania przez hybrydy p\u0142odnego potomstwa. Nale\u017cy podkre\u015bli\u0107, \u017ce w badaniach wzi\u0119to pod uwag\u0119 fragmenty jedynie 2 gen\u00f3w. Wyst\u0119powanie hybryd mi\u0119dzygatunkowych w szerszej populacji Trichinella spp. i szerszej puli gen\u00f3w nie jest poznane. Co wi\u0119cej nie prowadzone s\u0105 \u017cadne badania, kt\u00f3re mog\u0142yby okre\u015bli\u0107 cz\u0119stotliwo\u015b\u0107 wyst\u0119powania takich hybryd. Badania takie mia\u0142yby praktyczne implikacje dotycz\u0105ce cech fenotypowych larw. Gatunki te r\u00f3\u017cni\u0105 si\u0119 bowiem w\u0142a\u015bciwo\u015bciami biologicznymi, np. oporno\u015bci\u0105 na niskie temperatury, d\u0142ugo\u015bci\u0105 trwania cyklu \u017cyciowego, patogenno\u015bci\u0105 a tak\u017ce powinowactwem do innych gatunk\u00f3w \u017cywicieli. Powstawanie hybryd mo\u017ce doprowadza\u0107 do mieszania si\u0119 tych cech oraz powstawania coraz silniejszych i bardziej odpornych populacji w\u0142o\u015bni. Ze wzgl\u0119du na brak podstawowej wiedzy na temat biologii powsta\u0142ych hybryd rozwa\u017canie takie jest spekulatywne, jednak\u017ce nie powinno by\u0107 pomijane, zw\u0142aszcza, \u017ce w literaturze istniej\u0105 dowody hybrydyzacji pomi\u0119dzy innymi paso\u017cytami np. zoonotycznymi przywrami zara\u017caj\u0105cymi ludzi (Schistosoma haematobium, S. mansoni), byd\u0142o (S. bovis) oraz owce, kozy i byd\u0142o (S. curassoni), co doprowadzi\u0142o do powstania kombinacji cech skutkuj\u0105cych m.in. rozszerzeniem zasi\u0119gu \u017cywiciela i zmniejszeniem skuteczno\u015bci leczenia farmakologicznego. Planowany projekt ma na celu wyselekcjonowanie izolat\u00f3w larw w\u0142o\u015bni, w kt\u00f3rych mo\u017cna spodziewa\u0107 si\u0119 wyst\u0119powania naturalnej hybrydyzacji mi\u0119dzygatunkowej pomi\u0119dzy T.spiralis i T.britovi, do p\u00f3\u017aniejszych bada\u0144 genetycznych i proteomicznych nad w\u0142a\u015bciwo\u015bciami larw \u2013 hybryd mi\u0119dzygatunkowych. Baz\u0105 proponowanych bada\u0144 b\u0119dzie kolekcja izolat\u00f3w larw w\u0142o\u015bni licz\u0105ca oko\u0142o 1000 izolat\u00f3w, pozyskanych w latach 2018-2023 z tkanki mi\u0119\u015bniowej dzik\u00f3w badanych w kierunku w\u0142o\u015bnicy. Izolat stanowi pul\u0119 larw w\u0142o\u015bni wyodr\u0119bnion\u0105 od jednego dzika. Z ka\u017cdego izolatu pobierane b\u0119dzie oko\u0142o 100 larw w\u0142o\u015bni. Z tej puli larw ekstrahowane b\u0119dzie DNA, kt\u00f3re pos\u0142u\u017cy do amplifikacji wybranych fragment\u00f3w DNA w rekcji multiplex PCR. Na podstawie uzyskanych produkt\u00f3w amplifikacji, okre\u015blona zostanie gatunkowo\u015b\u0107 larw w\u0142o\u015bni w poszczeg\u00f3lnych izolatach. Do analizy wyst\u0119powania hybrydyzacji mi\u0119dzygatunkowej wybrane zostan\u0105 izolaty larw w\u0142o\u015bni, w kt\u00f3rych stwierdzona zostanie inwazja mieszana T.spiralis\/T.britovi (co najmniej 20 takich izolat\u00f3w). Po potwierdzeniu inwazji mieszanej, co najmniej 200 larw z ka\u017cdego izolatu zostanie zakonserwowanych do dalszych bada\u0144 indywidualnych larw, kt\u00f3re b\u0119d\u0105 prowadzone w ramach planowanego grantu. Maj\u0105c na wzgl\u0119dzie, \u017ce prewalencja inwazji mieszanych T.spiralis\/T.britovi w populacji dzik\u00f3w zara\u017conych w\u0142o\u015bnic\u0105 w Polsce wynosi oko\u0142o 3 %, planowany cel jest w 100% mo\u017cliwy do realizacji.<\/p>\n","protected":false},"excerpt":{"rendered":"<p>Narodowe Centrum Nauki, MINIATURA 7, \u201ePionierskie badania genetyczne nad hybrydyzacj\u0105 mi\u0119dzygatunkow\u0105 Trichinella spiralis i Trichinella britovi &#8211; badania wst\u0119pne\u201d 28.11.2023 &#8211; 27.11.2024 Kierownik projektu: dr hab. Ewa Bilska Zaj\u0105c \u015arodki finansowe: 44 000,00 z\u0142 Opis projektu: W\u0142o\u015bnica jest zoonoz\u0105 paso\u017cytnicz\u0105, kt\u00f3rej czynnikiem etiologicznym s\u0105 nicienie z rodzaju Trichinella. Do zara\u017cenia ludzi dochodzi poprzez spo\u017cycie mi\u0119sa [&hellip;]<\/p>\n","protected":false},"author":2,"featured_media":0,"parent":0,"menu_order":0,"comment_status":"closed","ping_status":"closed","template":"fullwidth-page.php","meta":{"footnotes":""},"class_list":["post-1636","page","type-page","status-publish","hentry"],"rttpg_featured_image_url":null,"rttpg_author":{"display_name":"Marta Antas","author_link":"https:\/\/www.piwet.pulawy.pl\/en\/author\/mantas\/"},"rttpg_comment":0,"rttpg_category":false,"rttpg_excerpt":"Narodowe Centrum Nauki, MINIATURA 7, \u201ePionierskie badania genetyczne nad hybrydyzacj\u0105 mi\u0119dzygatunkow\u0105 Trichinella spiralis i Trichinella britovi &#8211; badania wst\u0119pne\u201d 28.11.2023 &#8211; 27.11.2024 Kierownik projektu: dr hab. Ewa Bilska Zaj\u0105c \u015arodki finansowe: 44 000,00 z\u0142 Opis projektu: W\u0142o\u015bnica jest zoonoz\u0105 paso\u017cytnicz\u0105, kt\u00f3rej czynnikiem etiologicznym s\u0105 nicienie z rodzaju Trichinella. Do zara\u017cenia ludzi dochodzi poprzez spo\u017cycie mi\u0119sa&hellip;","_links":{"self":[{"href":"https:\/\/www.piwet.pulawy.pl\/en\/wp-json\/wp\/v2\/pages\/1636","targetHints":{"allow":["GET"]}}],"collection":[{"href":"https:\/\/www.piwet.pulawy.pl\/en\/wp-json\/wp\/v2\/pages"}],"about":[{"href":"https:\/\/www.piwet.pulawy.pl\/en\/wp-json\/wp\/v2\/types\/page"}],"author":[{"embeddable":true,"href":"https:\/\/www.piwet.pulawy.pl\/en\/wp-json\/wp\/v2\/users\/2"}],"replies":[{"embeddable":true,"href":"https:\/\/www.piwet.pulawy.pl\/en\/wp-json\/wp\/v2\/comments?post=1636"}],"version-history":[{"count":1,"href":"https:\/\/www.piwet.pulawy.pl\/en\/wp-json\/wp\/v2\/pages\/1636\/revisions"}],"predecessor-version":[{"id":1638,"href":"https:\/\/www.piwet.pulawy.pl\/en\/wp-json\/wp\/v2\/pages\/1636\/revisions\/1638"}],"wp:attachment":[{"href":"https:\/\/www.piwet.pulawy.pl\/en\/wp-json\/wp\/v2\/media?parent=1636"}],"curies":[{"name":"wp","href":"https:\/\/api.w.org\/{rel}","templated":true}]}}