{"id":1632,"date":"2025-06-02T12:56:19","date_gmt":"2025-06-02T10:56:19","guid":{"rendered":"https:\/\/www.piwet.pulawy.pl\/?page_id=1632"},"modified":"2025-06-02T12:56:27","modified_gmt":"2025-06-02T10:56:27","slug":"narodowe-centrum-nauki-miniatura-7-adsorpcja-i-degradacja-wybranych-antybiotykow-w-glebie-rolniczej-28-11-2023-27-11-2024","status":"publish","type":"page","link":"https:\/\/www.piwet.pulawy.pl\/en\/narodowe-centrum-nauki-miniatura-7-adsorpcja-i-degradacja-wybranych-antybiotykow-w-glebie-rolniczej-28-11-2023-27-11-2024\/","title":{"rendered":"Narodowe Centrum Nauki, MINIATURA 7, \u201eAdsorpcja i degradacja wybranych antybiotyk\u00f3w w glebie rolniczej\u201d 28.11.2023 &#8211; 27.11.2024"},"content":{"rendered":"\n<figure class=\"wp-block-image size-full\"><img fetchpriority=\"high\" decoding=\"async\" width=\"1024\" height=\"86\" src=\"https:\/\/www.piwet.pulawy.pl\/wp-content\/uploads\/2025\/06\/image-4.png\" alt=\"\" class=\"wp-image-1633\" srcset=\"https:\/\/www.piwet.pulawy.pl\/wp-content\/uploads\/2025\/06\/image-4.png 1024w, https:\/\/www.piwet.pulawy.pl\/wp-content\/uploads\/2025\/06\/image-4-300x25.png 300w, https:\/\/www.piwet.pulawy.pl\/wp-content\/uploads\/2025\/06\/image-4-768x65.png 768w\" sizes=\"(max-width: 1024px) 100vw, 1024px\" \/><\/figure>\n\n\n\n<p class=\"has-text-color has-link-color wp-elements-611fd87fb1ae51fba10284aa94663b4a\" style=\"color:#1a8314;font-size:20px\"><strong>Narodowe Centrum Nauki, MINIATURA 7, \u201eAdsorpcja i degradacja wybranych antybiotyk\u00f3w w glebie rolniczej\u201d <\/strong>28.11.2023 &#8211; 27.11.2024<\/p>\n\n\n\n<p style=\"font-size:16px\"><strong>Kierownik projektu<\/strong>: dr hab. in\u017c. Ewelina Patyra<\/p>\n\n\n\n<p style=\"font-size:16px\"><strong>\u015arodki finansowe<\/strong>: 46 200,00 z\u0142<\/p>\n\n\n\n<p style=\"font-size:16px\"><strong>Opis projektu: <\/strong>Na ca\u0142ym \u015bwiecie znaczne ilo\u015bci antybiotyk\u00f3w wprowadzane s\u0105 do \u015brodowiska m.in. poprzez stosowanie nawoz\u00f3w naturalnych takich jak gnojowica, gnoj\u00f3wka, obornik czy pomiot kurzy na pola uprawne i trwa\u0142e u\u017cytki zielone, co powoduje zanieczyszczenie antybiotykami i podwy\u017cszone ryzyko dla \u015brodowiska naturalnego, g\u0142\u00f3wnie l\u0105dowego (gleba), ale r\u00f3wnie\u017c dla \u015brodowiska wodnego. Wi\u0119kszo\u015b\u0107 bada\u0144 dotycz\u0105cych los\u00f3w antybiotyk\u00f3w w \u015brodowisku koncentruje si\u0119 na \u015brodowiskach wodnych. Natomiast niewiele dost\u0119pnych jest informacji na temat obecno\u015bci i zachowywania si\u0119 antybiotyk\u00f3w w glebach rolniczych. Dlatego celem proponowanego projektu jest przeprowadzenie bada\u0144 nad adsorpcj\u0105 i degradacj\u0105 dw\u00f3ch r\u00f3\u017cnych substancji przeciwbakteryjnych (doksycykliny, DC i sulfadiazyny, SDZ) w glebach rolniczych. Wyb\u00f3r antybiotyk\u00f3w nie jest przypadkowy poniewa\u017c doksycyklina nale\u017c\u0105ca do grupy tetracyklin i sulfadiazyna nale\u017c\u0105ca do sulfonamid\u00f3w s\u0105 przedstawicielami grup antybiotyk\u00f3w najcz\u0119\u015bciej stosowanych w celach terapeutycznych u zwierz\u0105t gospodarskich w Polsce jak i w krajach Unii Europejskiej.<\/p>\n","protected":false},"excerpt":{"rendered":"<p>Narodowe Centrum Nauki, MINIATURA 7, \u201eAdsorpcja i degradacja wybranych antybiotyk\u00f3w w glebie rolniczej\u201d 28.11.2023 &#8211; 27.11.2024 Kierownik projektu: dr hab. in\u017c. Ewelina Patyra \u015arodki finansowe: 46 200,00 z\u0142 Opis projektu: Na ca\u0142ym \u015bwiecie znaczne ilo\u015bci antybiotyk\u00f3w wprowadzane s\u0105 do \u015brodowiska m.in. poprzez stosowanie nawoz\u00f3w naturalnych takich jak gnojowica, gnoj\u00f3wka, obornik czy pomiot kurzy na pola [&hellip;]<\/p>\n","protected":false},"author":2,"featured_media":0,"parent":0,"menu_order":0,"comment_status":"closed","ping_status":"closed","template":"fullwidth-page.php","meta":{"footnotes":""},"class_list":["post-1632","page","type-page","status-publish","hentry"],"rttpg_featured_image_url":null,"rttpg_author":{"display_name":"Marta Antas","author_link":"https:\/\/www.piwet.pulawy.pl\/en\/author\/mantas\/"},"rttpg_comment":0,"rttpg_category":false,"rttpg_excerpt":"Narodowe Centrum Nauki, MINIATURA 7, \u201eAdsorpcja i degradacja wybranych antybiotyk\u00f3w w glebie rolniczej\u201d 28.11.2023 &#8211; 27.11.2024 Kierownik projektu: dr hab. in\u017c. Ewelina Patyra \u015arodki finansowe: 46 200,00 z\u0142 Opis projektu: Na ca\u0142ym \u015bwiecie znaczne ilo\u015bci antybiotyk\u00f3w wprowadzane s\u0105 do \u015brodowiska m.in. poprzez stosowanie nawoz\u00f3w naturalnych takich jak gnojowica, gnoj\u00f3wka, obornik czy pomiot kurzy na pola&hellip;","_links":{"self":[{"href":"https:\/\/www.piwet.pulawy.pl\/en\/wp-json\/wp\/v2\/pages\/1632","targetHints":{"allow":["GET"]}}],"collection":[{"href":"https:\/\/www.piwet.pulawy.pl\/en\/wp-json\/wp\/v2\/pages"}],"about":[{"href":"https:\/\/www.piwet.pulawy.pl\/en\/wp-json\/wp\/v2\/types\/page"}],"author":[{"embeddable":true,"href":"https:\/\/www.piwet.pulawy.pl\/en\/wp-json\/wp\/v2\/users\/2"}],"replies":[{"embeddable":true,"href":"https:\/\/www.piwet.pulawy.pl\/en\/wp-json\/wp\/v2\/comments?post=1632"}],"version-history":[{"count":1,"href":"https:\/\/www.piwet.pulawy.pl\/en\/wp-json\/wp\/v2\/pages\/1632\/revisions"}],"predecessor-version":[{"id":1634,"href":"https:\/\/www.piwet.pulawy.pl\/en\/wp-json\/wp\/v2\/pages\/1632\/revisions\/1634"}],"wp:attachment":[{"href":"https:\/\/www.piwet.pulawy.pl\/en\/wp-json\/wp\/v2\/media?parent=1632"}],"curies":[{"name":"wp","href":"https:\/\/api.w.org\/{rel}","templated":true}]}}