{"id":1628,"date":"2025-06-02T12:53:33","date_gmt":"2025-06-02T10:53:33","guid":{"rendered":"https:\/\/www.piwet.pulawy.pl\/?page_id=1628"},"modified":"2025-06-02T12:53:33","modified_gmt":"2025-06-02T10:53:33","slug":"narodowe-centrum-nauki-miniatura-7-opracowanie-i-walidacja-narzedzia-analitycznego-do-oceny-zanieczyszczenia-gleb-bromowanymi-opozniaczami-spalania-05-10-2023-04-10-2024","status":"publish","type":"page","link":"https:\/\/www.piwet.pulawy.pl\/en\/narodowe-centrum-nauki-miniatura-7-opracowanie-i-walidacja-narzedzia-analitycznego-do-oceny-zanieczyszczenia-gleb-bromowanymi-opozniaczami-spalania-05-10-2023-04-10-2024\/","title":{"rendered":"Narodowe Centrum Nauki, MINIATURA 7, \u201eOpracowanie i walidacja narz\u0119dzia analitycznego do oceny zanieczyszczenia gleb bromowanymi op\u00f3\u017aniaczami spalania\u201d 05.10.2023 &#8211; 04.10.2024"},"content":{"rendered":"\n<figure class=\"wp-block-image size-full\"><img fetchpriority=\"high\" decoding=\"async\" width=\"1024\" height=\"86\" src=\"https:\/\/www.piwet.pulawy.pl\/wp-content\/uploads\/2025\/06\/image-3.png\" alt=\"\" class=\"wp-image-1629\" srcset=\"https:\/\/www.piwet.pulawy.pl\/wp-content\/uploads\/2025\/06\/image-3.png 1024w, https:\/\/www.piwet.pulawy.pl\/wp-content\/uploads\/2025\/06\/image-3-300x25.png 300w, https:\/\/www.piwet.pulawy.pl\/wp-content\/uploads\/2025\/06\/image-3-768x65.png 768w\" sizes=\"(max-width: 1024px) 100vw, 1024px\" \/><\/figure>\n\n\n\n<p><\/p>\n\n\n\n<p class=\"has-text-color has-link-color wp-elements-1b3f188065ffa9cc19763973f1d2791a\" style=\"color:#1a8314\"><strong>Narodowe Centrum Nauki, MINIATURA 7, \u201eOpracowanie i walidacja narz\u0119dzia analitycznego do oceny zanieczyszczenia gleb bromowanymi op\u00f3\u017aniaczami spalania\u201d<\/strong> 05.10.2023 &#8211; 04.10.2024<\/p>\n\n\n\n<p style=\"font-size:16px\"><strong>Kierownik projektu<\/strong>: dr Wojciech Pietro\u0144<\/p>\n\n\n\n<p style=\"font-size:16px\"><strong>\u015arodki finansowe:<\/strong>\u00a029 040,00 z\u0142<\/p>\n\n\n\n<p style=\"font-size:16px\"><strong>Opis projektu: <\/strong>Celem naukowym projektu jest opracowanie metody oznaczania bromowanych op\u00f3\u017aniaczy spalania (BFR) w glebie i wyznaczenie jej parametr\u00f3w walidacyjnych. Obiektem bada\u0144 b\u0119dzie 10 kongener\u00f3w polibromowanych difenyloeter\u00f3w (PBDE) i 8 nowopojawiaj\u0105cych si\u0119 bromowanych op\u00f3\u017aniaczy spalania (nBFR). W badaniach zastosowana b\u0119dzie chromatografia gazowa sprz\u0119\u017cona z wysokorozdzielcz\u0105 spektrometri\u0105 mas (GC-HRMS).<\/p>\n","protected":false},"excerpt":{"rendered":"<p>Narodowe Centrum Nauki, MINIATURA 7, \u201eOpracowanie i walidacja narz\u0119dzia analitycznego do oceny zanieczyszczenia gleb bromowanymi op\u00f3\u017aniaczami spalania\u201d 05.10.2023 &#8211; 04.10.2024 Kierownik projektu: dr Wojciech Pietro\u0144 \u015arodki finansowe:\u00a029 040,00 z\u0142 Opis projektu: Celem naukowym projektu jest opracowanie metody oznaczania bromowanych op\u00f3\u017aniaczy spalania (BFR) w glebie i wyznaczenie jej parametr\u00f3w walidacyjnych. Obiektem bada\u0144 b\u0119dzie 10 kongener\u00f3w polibromowanych [&hellip;]<\/p>\n","protected":false},"author":2,"featured_media":0,"parent":0,"menu_order":0,"comment_status":"closed","ping_status":"closed","template":"fullwidth-page.php","meta":{"footnotes":""},"class_list":["post-1628","page","type-page","status-publish","hentry"],"rttpg_featured_image_url":null,"rttpg_author":{"display_name":"Marta Antas","author_link":"https:\/\/www.piwet.pulawy.pl\/en\/author\/mantas\/"},"rttpg_comment":0,"rttpg_category":false,"rttpg_excerpt":"Narodowe Centrum Nauki, MINIATURA 7, \u201eOpracowanie i walidacja narz\u0119dzia analitycznego do oceny zanieczyszczenia gleb bromowanymi op\u00f3\u017aniaczami spalania\u201d 05.10.2023 &#8211; 04.10.2024 Kierownik projektu: dr Wojciech Pietro\u0144 \u015arodki finansowe:\u00a029 040,00 z\u0142 Opis projektu: Celem naukowym projektu jest opracowanie metody oznaczania bromowanych op\u00f3\u017aniaczy spalania (BFR) w glebie i wyznaczenie jej parametr\u00f3w walidacyjnych. Obiektem bada\u0144 b\u0119dzie 10 kongener\u00f3w polibromowanych&hellip;","_links":{"self":[{"href":"https:\/\/www.piwet.pulawy.pl\/en\/wp-json\/wp\/v2\/pages\/1628","targetHints":{"allow":["GET"]}}],"collection":[{"href":"https:\/\/www.piwet.pulawy.pl\/en\/wp-json\/wp\/v2\/pages"}],"about":[{"href":"https:\/\/www.piwet.pulawy.pl\/en\/wp-json\/wp\/v2\/types\/page"}],"author":[{"embeddable":true,"href":"https:\/\/www.piwet.pulawy.pl\/en\/wp-json\/wp\/v2\/users\/2"}],"replies":[{"embeddable":true,"href":"https:\/\/www.piwet.pulawy.pl\/en\/wp-json\/wp\/v2\/comments?post=1628"}],"version-history":[{"count":1,"href":"https:\/\/www.piwet.pulawy.pl\/en\/wp-json\/wp\/v2\/pages\/1628\/revisions"}],"predecessor-version":[{"id":1630,"href":"https:\/\/www.piwet.pulawy.pl\/en\/wp-json\/wp\/v2\/pages\/1628\/revisions\/1630"}],"wp:attachment":[{"href":"https:\/\/www.piwet.pulawy.pl\/en\/wp-json\/wp\/v2\/media?parent=1628"}],"curies":[{"name":"wp","href":"https:\/\/api.w.org\/{rel}","templated":true}]}}