{"id":1620,"date":"2025-06-02T12:48:16","date_gmt":"2025-06-02T10:48:16","guid":{"rendered":"https:\/\/www.piwet.pulawy.pl\/?page_id=1620"},"modified":"2025-06-02T12:49:14","modified_gmt":"2025-06-02T10:49:14","slug":"narodowe-centrum-nauki-miniatura-7-ocena-wplywu-temperatury-na-przezywalnosc-mycoplasma-anserisalpingitidis-w-kale-i-wodzie-05-10-2023-04-10-2024","status":"publish","type":"page","link":"https:\/\/www.piwet.pulawy.pl\/en\/narodowe-centrum-nauki-miniatura-7-ocena-wplywu-temperatury-na-przezywalnosc-mycoplasma-anserisalpingitidis-w-kale-i-wodzie-05-10-2023-04-10-2024\/","title":{"rendered":"Narodowe Centrum Nauki, MINIATURA 7, \u201eOcena wp\u0142ywu temperatury na prze\u017cywalno\u015b\u0107 Mycoplasma anserisalpingitidis w kale i wodzie\u201d 05.10.2023 &#8211; 04.10.2024"},"content":{"rendered":"\n<figure class=\"wp-block-image size-full\"><img fetchpriority=\"high\" decoding=\"async\" width=\"1024\" height=\"86\" src=\"https:\/\/www.piwet.pulawy.pl\/wp-content\/uploads\/2025\/06\/image-1.png\" alt=\"\" class=\"wp-image-1621\" srcset=\"https:\/\/www.piwet.pulawy.pl\/wp-content\/uploads\/2025\/06\/image-1.png 1024w, https:\/\/www.piwet.pulawy.pl\/wp-content\/uploads\/2025\/06\/image-1-300x25.png 300w, https:\/\/www.piwet.pulawy.pl\/wp-content\/uploads\/2025\/06\/image-1-768x65.png 768w\" sizes=\"(max-width: 1024px) 100vw, 1024px\" \/><\/figure>\n\n\n\n<p><\/p>\n\n\n\n<p class=\"has-text-color has-link-color wp-elements-dc40fe07c95e5e9d2d4f59c9c69f74c5\" style=\"color:#1a8314;font-size:20px\"><strong>Narodowe Centrum Nauki, MINIATURA 7, \u201eOcena wp\u0142ywu temperatury na prze\u017cywalno\u015b\u0107 Mycoplasma anserisalpingitidis w kale i wodzie\u201d<\/strong> 05.10.2023 &#8211; 04.10.2024<\/p>\n\n\n\n<p style=\"font-size:16px\"><strong>Kierownik projektu<\/strong>: dr in\u017c. Anna Sawicka-Durkalec<\/p>\n\n\n\n<p style=\"font-size:16px\"><strong>\u015arodki finansowe:<\/strong>\u00a049 885,00 z\u0142\u00a0\u00a0\u00a0<\/p>\n\n\n\n<p style=\"font-size:16px\"><strong>Opis projektu: <\/strong>Celem podj\u0119tych bada\u0144 by\u0142a ocena wp\u0142ywu temperatury na prze\u017cywalno\u015b\u0107 Mycoplasma anserisalpingitidis (Ma) w dw\u00f3ch r\u00f3\u017cnych \u015brodowiskach: kale oraz wodzie. M. anserisalpingitidis jest patogenem odpowiedzialnym za infekcje uk\u0142adu rozrodczego u g\u0119si, prowad\u0105cym do znacznych strat ekonomicznych w hodowli drobiu wodnego. Prze\u017cywalno\u015b\u0107 Ma w tych \u015brodowiskach ma kluczowe znaczenie dla kontroli zaka\u017ce\u0144 i bioasekuracji. Badanie mia\u0142o na celu okre\u015blenie, jak d\u0142ugo te \u015brodowiska mog\u0105 stanowi\u0107 \u017ar\u00f3d\u0142o zaka\u017cenia oraz w jaki spos\u00f3b temperatura wp\u0142ywa na rozw\u00f3j lub zahamowanie rozprzestrzeniania si\u0119 tego mikroorganizmu. Ponadto por\u00f3wnano d\u0142ugo\u015b\u0107 przetrwania w \u015brodowisku dw\u00f3ch szczep\u00f3w Ma, wyizolowanych od g\u0119si hodowlanych i wolno \u017cyj\u0105cych.<\/p>\n\n\n\n<p style=\"font-size:16px\">Badania przeprowadzono w Instytucie Weterynaryjnych Bada\u0144 Medycznych w Budapeszcie w ramach sta\u017cu naukowego. Pierwszym etapem bada\u0144 by\u0142o uzyskanie czystych szczep\u00f3w Ma, kt\u00f3re zosta\u0142y poddane hodowli i weryfikacji genetycznej metod\u0105 PCR. Nast\u0119pnie szczepy by\u0142y namna\u017cane w bulionie, a ich koncentracja zosta\u0142a standaryzowana na poziomie 10\u2075 CCU\/ml.Eksperyment obejmowa\u0142 inokulacj\u0119 wody i ka\u0142u dwoma szczepami Ma, a nast\u0119pnie inkubacj\u0119 w trzech r\u00f3\u017cnych temperaturach (0,1-0,5\u00b0C, 4\u00b0C, 22\u00b0C) przez okres 28 dni. Prze\u017cywalno\u015b\u0107 bakterii oceniano metod\u0105 hodowlan\u0105 oraz real-time PCR, monitoruj\u0105c st\u0119\u017cenie DNA w okre\u015blonych punktach czasowych.<\/p>\n\n\n\n<p style=\"font-size:16px\">Wyniki bada\u0144 nad prze\u017cywalno\u015bci\u0105 Mycoplasma anserisalpingitidis wykaza\u0142y istotne r\u00f3\u017cnice mi\u0119dzy badanymi szczepami, przy czym szczep A, izolowany od g\u0119si wolno \u017cyj\u0105cych, charakteryzowa\u0142 si\u0119 znacznie kr\u00f3tsz\u0105 prze\u017cywalno\u015bci\u0105 ni\u017c szczep B, pochodz\u0105cy od g\u0119si hodowlanych. Badania przeprowadzone metod\u0105 hodowlan\u0105 potwierdzi\u0142y, \u017ce oba szczepy mia\u0142y najwy\u017csz\u0105 \u017cywotno\u015b\u0107 w temperaturze 0\u00b0C, natomiast najszybciej traci\u0142y zdolno\u015b\u0107 wzrostu w temperaturze 22\u00b0C. W wodzie szczep A utraci\u0142 zdolno\u015b\u0107 wzrostu po 12 dniach w 0\u00b0C, po 8 dniach w 4\u00b0C i ju\u017c po pierwszej dobie inkubacji w 22\u00b0C. Z kolei szczep B wykazywa\u0142 znacznie d\u0142u\u017csz\u0105 prze\u017cywalno\u015b\u0107 w ni\u017cszych temperaturach, utrzymuj\u0105c zdolno\u015b\u0107 wzrostu w 0\u00b0C i 4\u00b0C przez ca\u0142y okres badania (28 dni), a w 22\u00b0C do trzeciego dnia inkubacji.<\/p>\n\n\n\n<p style=\"font-size:16px\">Wyniki uzyskane metod\u0105 real-time PCR wskaza\u0142y na og\u00f3lny trend spadkowy st\u0119\u017cenia DNA obu szczep\u00f3w w czasie inkubacji, jednak nie dostarczy\u0142y jednoznacznej odpowiedzi na temat ich prze\u017cywalno\u015bci. W zwi\u0105zku z tym przeprowadzono dodatkowe analizy st\u0119\u017cenia DNA w p\u0142ynnym pod\u0142o\u017cu hodowlanym uzyskanym podczas inkubacji metod\u0105 hodowlan\u0105. Wyniki te by\u0142y zbie\u017cne z wynikami uzyskanymi metod\u0105 hodowlan\u0105 i odzwierciedla\u0142y prze\u017cywalno\u015b\u0107 Ma w wodzie w poszczeg\u00f3lnych temperaturach i punktach czasowych. Natomiast pr\u00f3by oceny prze\u017cywalno\u015bci Ma w ka\u0142e metod\u0105 hodowlan\u0105 by\u0142y niemo\u017cliwe do przeprowadzenia z uwagi na szybki wzrost flory towarzysz\u0105cej ju\u017c po kilku godzinach od posiewu, co uniemo\u017cliwia\u0142o jednoznaczn\u0105 interpretacj\u0119 wynik\u00f3w.<\/p>\n\n\n\n<p style=\"font-size:16px\">Przeprowadzone badania dostarczy\u0142y pierwszych danych dotycz\u0105cych czasu prze\u017cywania Ma w \u015brodowisku oraz wykaza\u0142y r\u00f3\u017cnice w prze\u017cywalno\u015bci mi\u0119dzy szczepami. Analiza wynik\u00f3w wskaza\u0142a, \u017ce szczep izolowany od g\u0119si hodowlanych by\u0142 bardziej odporny na warunki \u015brodowiskowe ni\u017c szczep pochodz\u0105cy od g\u0119si wolno \u017cyj\u0105cych. Uzyskane wyniki dostarczaj\u0105 cennych informacji na temat potencjalnych \u017ar\u00f3de\u0142 zaka\u017cenia w \u015brodowisku bytowania ptak\u00f3w, takich jak poid\u0142a i zbiorniki wodne na wybiegach g\u0119si hodowlanych. Dodatkowo wyniki bada\u0144 stanowi\u0105 istotny wk\u0142ad w rozw\u00f3j metod kontroli zaka\u017ce\u0144 i strategii bioasekuracji w hodowli g\u0119si.<\/p>\n","protected":false},"excerpt":{"rendered":"<p>Narodowe Centrum Nauki, MINIATURA 7, \u201eOcena wp\u0142ywu temperatury na prze\u017cywalno\u015b\u0107 Mycoplasma anserisalpingitidis w kale i wodzie\u201d 05.10.2023 &#8211; 04.10.2024 Kierownik projektu: dr in\u017c. Anna Sawicka-Durkalec \u015arodki finansowe:\u00a049 885,00 z\u0142\u00a0\u00a0\u00a0 Opis projektu: Celem podj\u0119tych bada\u0144 by\u0142a ocena wp\u0142ywu temperatury na prze\u017cywalno\u015b\u0107 Mycoplasma anserisalpingitidis (Ma) w dw\u00f3ch r\u00f3\u017cnych \u015brodowiskach: kale oraz wodzie. M. anserisalpingitidis jest patogenem odpowiedzialnym [&hellip;]<\/p>\n","protected":false},"author":2,"featured_media":0,"parent":0,"menu_order":0,"comment_status":"closed","ping_status":"closed","template":"fullwidth-page.php","meta":{"footnotes":""},"class_list":["post-1620","page","type-page","status-publish","hentry"],"rttpg_featured_image_url":null,"rttpg_author":{"display_name":"Marta Antas","author_link":"https:\/\/www.piwet.pulawy.pl\/en\/author\/mantas\/"},"rttpg_comment":0,"rttpg_category":false,"rttpg_excerpt":"Narodowe Centrum Nauki, MINIATURA 7, \u201eOcena wp\u0142ywu temperatury na prze\u017cywalno\u015b\u0107 Mycoplasma anserisalpingitidis w kale i wodzie\u201d 05.10.2023 &#8211; 04.10.2024 Kierownik projektu: dr in\u017c. Anna Sawicka-Durkalec \u015arodki finansowe:\u00a049 885,00 z\u0142\u00a0\u00a0\u00a0 Opis projektu: Celem podj\u0119tych bada\u0144 by\u0142a ocena wp\u0142ywu temperatury na prze\u017cywalno\u015b\u0107 Mycoplasma anserisalpingitidis (Ma) w dw\u00f3ch r\u00f3\u017cnych \u015brodowiskach: kale oraz wodzie. M. anserisalpingitidis jest patogenem odpowiedzialnym&hellip;","_links":{"self":[{"href":"https:\/\/www.piwet.pulawy.pl\/en\/wp-json\/wp\/v2\/pages\/1620","targetHints":{"allow":["GET"]}}],"collection":[{"href":"https:\/\/www.piwet.pulawy.pl\/en\/wp-json\/wp\/v2\/pages"}],"about":[{"href":"https:\/\/www.piwet.pulawy.pl\/en\/wp-json\/wp\/v2\/types\/page"}],"author":[{"embeddable":true,"href":"https:\/\/www.piwet.pulawy.pl\/en\/wp-json\/wp\/v2\/users\/2"}],"replies":[{"embeddable":true,"href":"https:\/\/www.piwet.pulawy.pl\/en\/wp-json\/wp\/v2\/comments?post=1620"}],"version-history":[{"count":2,"href":"https:\/\/www.piwet.pulawy.pl\/en\/wp-json\/wp\/v2\/pages\/1620\/revisions"}],"predecessor-version":[{"id":1624,"href":"https:\/\/www.piwet.pulawy.pl\/en\/wp-json\/wp\/v2\/pages\/1620\/revisions\/1624"}],"wp:attachment":[{"href":"https:\/\/www.piwet.pulawy.pl\/en\/wp-json\/wp\/v2\/media?parent=1620"}],"curies":[{"name":"wp","href":"https:\/\/api.w.org\/{rel}","templated":true}]}}