{"id":1614,"date":"2025-06-02T12:43:06","date_gmt":"2025-06-02T10:43:06","guid":{"rendered":"https:\/\/www.piwet.pulawy.pl\/?page_id=1614"},"modified":"2025-06-02T12:49:53","modified_gmt":"2025-06-02T10:49:53","slug":"narodowe-centrum-nauki-miniatura-7-wystepowanie-zakazen-gammaherpes-wirusowych-u-przezuwaczy-nieudomowionych-08-08-2023-07-08-2024","status":"publish","type":"page","link":"https:\/\/www.piwet.pulawy.pl\/en\/narodowe-centrum-nauki-miniatura-7-wystepowanie-zakazen-gammaherpes-wirusowych-u-przezuwaczy-nieudomowionych-08-08-2023-07-08-2024\/","title":{"rendered":"Narodowe Centrum Nauki, MINIATURA 7, \u201eWyst\u0119powanie zaka\u017ce\u0144 gammaherpes wirusowych u prze\u017cuwaczy nieudomowionych\u201d 08.08.2023 &#8211; 07.08.2024"},"content":{"rendered":"\n<figure class=\"wp-block-image size-full\"><img fetchpriority=\"high\" decoding=\"async\" width=\"1024\" height=\"86\" src=\"https:\/\/www.piwet.pulawy.pl\/wp-content\/uploads\/2025\/06\/image-2.png\" alt=\"\" class=\"wp-image-1625\" srcset=\"https:\/\/www.piwet.pulawy.pl\/wp-content\/uploads\/2025\/06\/image-2.png 1024w, https:\/\/www.piwet.pulawy.pl\/wp-content\/uploads\/2025\/06\/image-2-300x25.png 300w, https:\/\/www.piwet.pulawy.pl\/wp-content\/uploads\/2025\/06\/image-2-768x65.png 768w\" sizes=\"(max-width: 1024px) 100vw, 1024px\" \/><\/figure>\n\n\n\n<p><\/p>\n\n\n\n<p class=\"has-text-color has-link-color wp-elements-d19105d3d95835d6d2d017d790e31fa6\" style=\"color:#1a8314;font-size:20px\"><strong>Narodowe Centrum Nauki, MINIATURA 7, \u201eWyst\u0119powanie zaka\u017ce\u0144 gammaherpes wirusowych u prze\u017cuwaczy nieudomowionych\u201d <\/strong>08.08.2023 &#8211; 07.08.2024<\/p>\n\n\n\n<p style=\"font-size:16px\"><strong>Kierownik projektu<\/strong>: dr Wojciech Socha<\/p>\n\n\n\n<p style=\"font-size:16px\"><strong>\u015arodki finansowe:<\/strong>&nbsp;47 014,00 z\u0142&nbsp;&nbsp;&nbsp;<\/p>\n\n\n\n<p style=\"font-size:16px\"><strong>Opis projektu:<\/strong> Celem planowanych bada\u0144 jest identyfikacja i charakterystyka gammaherpeswirus\u00f3w wyst\u0119puj\u0105cych u zwierz\u0105t nieudomowionych w Polsce. Najlepiej opisanymi przedstawicielami tej grupy s\u0105 wirusy z\u0142o\u015bliwej gor\u0105czki nie\u017cytowej byd\u0142a (Malignant catarrhal fever &#8211; MCF) znanej te\u017c jako g\u0142owica byd\u0142a. Wyst\u0119powanie przypadk\u00f3w g\u0142owicy zwi\u0105zane jest g\u0142\u00f3wnie z kontaktem pomi\u0119dzy osobnikami z gatunk\u00f3w wra\u017cliwych na zachorowania a zwierz\u0119tami, u kt\u00f3rych dochodzi do bezobjawowego zaka\u017cenia trwa\u0142ego (latentnego) i kt\u00f3re uznawane s\u0105 za rezerwuar. Wirusy MCF rozprzestrzeniaj\u0105 si\u0119 podczas bezpo\u015bredniego kontaktu drog\u0105 kropelkow\u0105 wraz z wydzielin\u0105 z nosa, oczu lub w spos\u00f3b po\u015bredni, poprzez zanieczyszczone \u015brodowisko (np. pastwiska). Czynnikami etiologicznym MCF s\u0105 wirusy z podrodziny Gammaherpesvirinae, charakteryzuj\u0105ce si\u0119 zdolno\u015bci\u0105 do zaka\u017cenia kom\u00f3rek limfoidalnych gospodarza. Zidentyfikowano co najmniej 6 wirus\u00f3w (MCFV) zdolnych do wywo\u0142ywania MCF. Szczeg\u00f3lne znaczenie gospodarcze odgrywaj\u0105 dwa wirusy z rodzaju Macavirus: Ovine Herpesvirus 2 (OvHV-2) oraz Alcelaphine Herpesvirus 1 (AlHV-1). Dla pierwszego z nich podstawowym gatunkiem rezerwuarowym s\u0105 owce domowe (Ovis aries), dla drugiego antylopy gnu pr\u0119gowane (Connochaetes taurinus) oraz gnu brunatne (Connochaetes gnou). Zar\u00f3wno w przypadku AlHV-1 jak i OvHV-2 do zaka\u017cenia trwa\u0142ego dochodzi zazwyczaj \u015br\u00f3dmacicznie lub oko\u0142oporodowo, w rzadkich przypadkach w pierwszych miesi\u0105cach \u017cycia. Zaka\u017cenia kliniczne, z wysok\u0105 \u015bmiertelno\u015bci\u0105 (&gt;90%) wyst\u0119puj\u0105 u przedstawicieli rodzin Bovidae, Cervidae i Giraffidae. Do\u015bwiadczenia z innych kraj\u00f3w wskazuj\u0105 na zagro\u017cenie jakie mo\u017ce stanowi\u0107 transmisja wirus\u00f3w OvHV-2 oraz AlHV-1 na gatunki wra\u017cliwe. Szczeg\u00f3lnie istotnym rezerwuarem s\u0105 owce, kt\u00f3re przebywaj\u0105c na pastwiskach mog\u0105 wchodzi\u0107 w bezpo\u015bredni kontakt zar\u00f3wno z innymi zwierz\u0119tami hodowlanymi jak i z wolno \u017cyj\u0105cymi prze\u017cuwaczami. Przyk\u0142adowo w USA w 2003 roku, transmisja OvHV-2 z zaka\u017conych owiec doprowadzi\u0142a do upadku ponad 800 bizon\u00f3w (50% \u015bmiertelno\u015bci) w stadzie w przeci\u0105gu kilku miesi\u0119cy od kontaktu. Po\u015brednie dowody na transmisj\u0119 wirusa na wolno\u017cyj\u0105ce prze\u017cuwacze dostarczy\u0142y badania prowadzone w Niemczech, w kt\u00f3rych zaobserwowano wysok\u0105 seroprewalencj\u0119 u danieli z region\u00f3w, w kt\u00f3rych odsetek owiec zaka\u017conych OvHV-2 by\u0142 szczeg\u00f3lnie wysoki. W Polsce, skala rozprzestrzenienia zaka\u017ce\u0144 MCFV pozostaje nieznana. Jedyne dot\u0105d badania przeprowadzone na ma\u0142\u0105 skal\u0119 potwierdzi\u0142y obecno\u015b\u0107 OvHV-2 w dw\u00f3ch stadach owiec w Wielkopolsce. Wraz ze zmianami \u015brodowiska zwi\u0105zanymi z antropopresj\u0105, globalizacj\u0105, czy zmianami klimatu ro\u015bnie ryzyko transmisji gammaherpeswirus\u00f3w. Jednym ze specyficznych \u015brodowisk, gdzie transmisj\u0119 tak\u0105 mo\u017cna obserwowa\u0107 s\u0105 ogrody zoologiczne, w kt\u00f3rych obok siebie mog\u0105 przebywa\u0107 gatunki rezerwuarowe i wra\u017cliwe na zaka\u017cenie. Wiele z nich to zwierz\u0119ta egzotyczne, kt\u00f3re w warunkach naturalnych nie mia\u0142yby kontaktu, jak r\u00f3wnie\u017c gatunki chronione, takie jak \u017cubry, z kt\u00f3rych wiele wymar\u0142o ju\u017c w stanie wolnym. Przyk\u0142adowo, w 2011 roku w ZOO w Rzymie dosz\u0142o do zachorowa\u0144 na MCF wywo\u0142anych transmisj\u0105 OvHV-2 od owiec i muflon\u00f3w z wysok\u0105 \u015bmiertelno\u015bci\u0105 u banteng\u00f3w, jeleni sika, tar\u00f3w himalajskich i kob\u00f3w nilowych. Mo\u017cna przypuszcza\u0107, \u017ce ryzyko zaka\u017ce\u0144 MCFV u wolno\u017cyj\u0105cych prze\u017cuwaczy takich jak jeleniowate oraz \u017cubry, gatunek szczeg\u00f3lnie wra\u017cliwy na MCF, w Polsce ro\u015bnie. W\u015br\u00f3d wolno\u017cyj\u0105cych prze\u017cuwaczy mog\u0105 wyst\u0119powa\u0107 r\u00f3wnie\u017c inne, w tym dot\u0105d nieznane gammaherpeswirusy, specyficzne dla danych gatunk\u00f3w zwierz\u0105t o nieznanej patogenno\u015bci.<\/p>\n\n\n\n<p><\/p>\n","protected":false},"excerpt":{"rendered":"<p>Narodowe Centrum Nauki, MINIATURA 7, \u201eWyst\u0119powanie zaka\u017ce\u0144 gammaherpes wirusowych u prze\u017cuwaczy nieudomowionych\u201d 08.08.2023 &#8211; 07.08.2024 Kierownik projektu: dr Wojciech Socha \u015arodki finansowe:&nbsp;47 014,00 z\u0142&nbsp;&nbsp;&nbsp; Opis projektu: Celem planowanych bada\u0144 jest identyfikacja i charakterystyka gammaherpeswirus\u00f3w wyst\u0119puj\u0105cych u zwierz\u0105t nieudomowionych w Polsce. Najlepiej opisanymi przedstawicielami tej grupy s\u0105 wirusy z\u0142o\u015bliwej gor\u0105czki nie\u017cytowej byd\u0142a (Malignant catarrhal fever &#8211; [&hellip;]<\/p>\n","protected":false},"author":2,"featured_media":0,"parent":0,"menu_order":0,"comment_status":"closed","ping_status":"closed","template":"fullwidth-page.php","meta":{"footnotes":""},"class_list":["post-1614","page","type-page","status-publish","hentry"],"rttpg_featured_image_url":null,"rttpg_author":{"display_name":"Marta Antas","author_link":"https:\/\/www.piwet.pulawy.pl\/en\/author\/mantas\/"},"rttpg_comment":0,"rttpg_category":false,"rttpg_excerpt":"Narodowe Centrum Nauki, MINIATURA 7, \u201eWyst\u0119powanie zaka\u017ce\u0144 gammaherpes wirusowych u prze\u017cuwaczy nieudomowionych\u201d 08.08.2023 &#8211; 07.08.2024 Kierownik projektu: dr Wojciech Socha \u015arodki finansowe:&nbsp;47 014,00 z\u0142&nbsp;&nbsp;&nbsp; Opis projektu: Celem planowanych bada\u0144 jest identyfikacja i charakterystyka gammaherpeswirus\u00f3w wyst\u0119puj\u0105cych u zwierz\u0105t nieudomowionych w Polsce. Najlepiej opisanymi przedstawicielami tej grupy s\u0105 wirusy z\u0142o\u015bliwej gor\u0105czki nie\u017cytowej byd\u0142a (Malignant catarrhal fever &#8211;&hellip;","_links":{"self":[{"href":"https:\/\/www.piwet.pulawy.pl\/en\/wp-json\/wp\/v2\/pages\/1614","targetHints":{"allow":["GET"]}}],"collection":[{"href":"https:\/\/www.piwet.pulawy.pl\/en\/wp-json\/wp\/v2\/pages"}],"about":[{"href":"https:\/\/www.piwet.pulawy.pl\/en\/wp-json\/wp\/v2\/types\/page"}],"author":[{"embeddable":true,"href":"https:\/\/www.piwet.pulawy.pl\/en\/wp-json\/wp\/v2\/users\/2"}],"replies":[{"embeddable":true,"href":"https:\/\/www.piwet.pulawy.pl\/en\/wp-json\/wp\/v2\/comments?post=1614"}],"version-history":[{"count":4,"href":"https:\/\/www.piwet.pulawy.pl\/en\/wp-json\/wp\/v2\/pages\/1614\/revisions"}],"predecessor-version":[{"id":1626,"href":"https:\/\/www.piwet.pulawy.pl\/en\/wp-json\/wp\/v2\/pages\/1614\/revisions\/1626"}],"wp:attachment":[{"href":"https:\/\/www.piwet.pulawy.pl\/en\/wp-json\/wp\/v2\/media?parent=1614"}],"curies":[{"name":"wp","href":"https:\/\/api.w.org\/{rel}","templated":true}]}}