{"id":1606,"date":"2025-06-02T12:38:12","date_gmt":"2025-06-02T10:38:12","guid":{"rendered":"https:\/\/www.piwet.pulawy.pl\/?page_id=1606"},"modified":"2025-06-02T12:40:46","modified_gmt":"2025-06-02T10:40:46","slug":"ministerstwo-nauki-i-szkolnictwa-wyzszego-nauka-dla-spoleczenstwa-nawozy-naturalne-i-organiczne-zrodlo-zanieczyszczenia-srodowiska-substancjami-przeciwbakteryjnymi-23-08-2022-22-08-2024","status":"publish","type":"page","link":"https:\/\/www.piwet.pulawy.pl\/en\/ministerstwo-nauki-i-szkolnictwa-wyzszego-nauka-dla-spoleczenstwa-nawozy-naturalne-i-organiczne-zrodlo-zanieczyszczenia-srodowiska-substancjami-przeciwbakteryjnymi-23-08-2022-22-08-2024\/","title":{"rendered":"Ministerstwo Nauki i Szkolnictwa Wy\u017cszego, Nauka dla spo\u0142ecze\u0144stwa &#8220;Nawozy naturalne i organiczne: \u017ar\u00f3d\u0142o zanieczyszczenia \u015brodowiska substancjami przeciwbakteryjnymi&#8221;\u00a023.08.2022 &#8211; 22.08.2024\u00a0\u00a0\u00a0\u00a0\u00a0"},"content":{"rendered":"\n<figure class=\"wp-block-image size-full is-resized\"><img fetchpriority=\"high\" decoding=\"async\" width=\"1024\" height=\"319\" src=\"https:\/\/www.piwet.pulawy.pl\/wp-content\/uploads\/2025\/06\/image.png\" alt=\"\" class=\"wp-image-1611\" style=\"width:652px;height:auto\" srcset=\"https:\/\/www.piwet.pulawy.pl\/wp-content\/uploads\/2025\/06\/image.png 1024w, https:\/\/www.piwet.pulawy.pl\/wp-content\/uploads\/2025\/06\/image-300x93.png 300w, https:\/\/www.piwet.pulawy.pl\/wp-content\/uploads\/2025\/06\/image-768x239.png 768w\" sizes=\"(max-width: 1024px) 100vw, 1024px\" \/><\/figure>\n\n\n\n<p class=\"has-text-color has-link-color wp-elements-499dd2f2f652df72659bea490e189aa2\" style=\"color:#1a8314\"><strong>Ministerstwo Nauki i Szkolnictwa Wy\u017cszego, Nauka dla spo\u0142ecze\u0144stwa &#8220;Nawozy naturalne i organiczne: \u017ar\u00f3d\u0142o zanieczyszczenia \u015brodowiska substancjami przeciwbakteryjnymi&#8221;<\/strong>\u00a023.08.2022 &#8211; 22.08.2024\u00a0\u00a0\u00a0\u00a0\u00a0<\/p>\n\n\n\n<p style=\"font-size:16px\"><strong>Kierownik projektu<\/strong>: dr hab. in\u017c. Ewelina Patyra<\/p>\n\n\n\n<p style=\"font-size:16px\"><strong>\u015arodki finansowe:<\/strong> 112 200,00 z\u0142<\/p>\n\n\n\n<p style=\"font-size:16px\"><strong>Opis projektu: <\/strong>Celem projektu jest ocena wyst\u0119powania substancji przeciwbakteryjnych (antybiotyk\u00f3w, sulfonamid\u00f3w i chinolon\u00f3w) w nawozach naturalnych i organicznych oraz okre\u015blenie czasu niezb\u0119dnego do ich degradacji. Ka\u017cdego roku na \u015bwiecie zu\u017cywanych jest kilkaset tysi\u0119cy kilogram\u00f3w antybiotyk\u00f3w wy\u0142\u0105cznie na potrzeby lecznictwa weterynaryjnego. Niezale\u017cnie od drogi podania antybiotyki wydalane s\u0105 z organizmu nawet w ilo\u015bci 90% podanej dawki pocz\u0105tkowej w formie niezmienionej, aktywnych i\/lub nieaktywnych metabolit\u00f3w z ka\u0142em i\/lub moczem. Wydaliny zwierz\u0105t w formie przetworzonej lub nieprzetworzonej stosowane s\u0105 jako nawozy naturalne lub nawozy organiczne, przez co obecne w nich substancje przeciwbakteryjne zostaj\u0105 wprowadzone na pola uprawne i u\u017cytki zielone. Obecno\u015b\u0107 antybiotyk\u00f3w w \u015brodowisku glebowym prowadzi do nabywania antybiotykooporno\u015bci przez drobnoustroje bytuj\u0105ce w glebie lub zmian w populacji drobnoustroj\u00f3w zasiedlaj\u0105cych gleb\u0119. Ze wzgl\u0119du na wzrastaj\u0105c\u0105 antybiotykooporno\u015b\u0107 bakterii chorobotw\u00f3rczych podejmowanych jest szereg dzia\u0142a\u0144 w celu zmniejszenia ilo\u015bci stosowania substancji przeciwbakteryjnych zar\u00f3wno u ludzi jak i zwierz\u0105t. Opracowywane i wdra\u017cane s\u0105 programy strategiczne takie jak \u201eOne Health\u201d \u2013 \u201eJedno zdrowie\u201d , \u201eGreen Deal\u201d, Wsp\u00f3lna Polityka Rolna czy Narodowy Program Ochrony Antybiotyk\u00f3w, kt\u00f3rych jednym z dzia\u0142a\u0144 priorytetowych jest ograniczenie stosowania antybiotyk\u00f3w i zapewnienie bezpiecze\u0144stwa w ca\u0142ym \u0142a\u0144cuchu \u017cywno\u015bciowym. Jednym z element\u00f3w uwzgl\u0119dnionym w tych dzia\u0142aniach jest ochrona \u015brodowiska naturalnego przed zanieczyszczeniami substancjami przeciwbakteryjnymi pochodzenia rolniczego. Celem projektu jest przeprowadzenie bada\u0144 pilota\u017cowych maj\u0105cych za zadanie ocen\u0119 wyst\u0119powania wybranych substancji przeciwbakteryjnych &#8211; antybiotyk\u00f3w, sulfonamid\u00f3w i chinolon\u00f3w w nawozach naturalnych i organicznych, okre\u015blenie czasu niezb\u0119dnego do degradacji wybranych antybiotyk\u00f3w w nawozach naturalnych oraz przeprowadzenie \u015brodowiskowej analizy ryzyka (ang. environmental risk assesment, ERA) i wyznaczenie przewidywanego st\u0119\u017cenia \u015brodowiskowego (ang. Predictive Environmental Concentration, PEC), kt\u00f3re obliczane jest w celu oszacowania ryzyka dla ekosystemm\u00f3w l\u0105dowych oraz jako punkt wyj\u015bciowy do obliczenia po\u015bredniego nara\u017cenia ludzi przez p\u0142ody rolne i produkty hodowli byd\u0142a. Dzi\u0119ki ocenie poziom\u00f3w zanieczyszczenia nawoz\u00f3w naturalnych i organicznych lekami weterynaryjnymi mo\u017cliwe b\u0119dzie dokonanie oceny czasu niezb\u0119dnego do ich przechowywania w celu degradacji do poziom\u00f3w nie stwarzaj\u0105cych ryzyka dla \u015brodowiska naturalnego.<\/p>\n\n\n\n<p><\/p>\n","protected":false},"excerpt":{"rendered":"<p>Ministerstwo Nauki i Szkolnictwa Wy\u017cszego, Nauka dla spo\u0142ecze\u0144stwa &#8220;Nawozy naturalne i organiczne: \u017ar\u00f3d\u0142o zanieczyszczenia \u015brodowiska substancjami przeciwbakteryjnymi&#8221;\u00a023.08.2022 &#8211; 22.08.2024\u00a0\u00a0\u00a0\u00a0\u00a0 Kierownik projektu: dr hab. in\u017c. Ewelina Patyra \u015arodki finansowe: 112 200,00 z\u0142 Opis projektu: Celem projektu jest ocena wyst\u0119powania substancji przeciwbakteryjnych (antybiotyk\u00f3w, sulfonamid\u00f3w i chinolon\u00f3w) w nawozach naturalnych i organicznych oraz okre\u015blenie czasu niezb\u0119dnego do ich [&hellip;]<\/p>\n","protected":false},"author":2,"featured_media":0,"parent":0,"menu_order":0,"comment_status":"closed","ping_status":"closed","template":"fullwidth-page.php","meta":{"footnotes":""},"class_list":["post-1606","page","type-page","status-publish","hentry"],"rttpg_featured_image_url":null,"rttpg_author":{"display_name":"Marta Antas","author_link":"https:\/\/www.piwet.pulawy.pl\/en\/author\/mantas\/"},"rttpg_comment":0,"rttpg_category":false,"rttpg_excerpt":"Ministerstwo Nauki i Szkolnictwa Wy\u017cszego, Nauka dla spo\u0142ecze\u0144stwa &#8220;Nawozy naturalne i organiczne: \u017ar\u00f3d\u0142o zanieczyszczenia \u015brodowiska substancjami przeciwbakteryjnymi&#8221;\u00a023.08.2022 &#8211; 22.08.2024\u00a0\u00a0\u00a0\u00a0\u00a0 Kierownik projektu: dr hab. in\u017c. Ewelina Patyra \u015arodki finansowe: 112 200,00 z\u0142 Opis projektu: Celem projektu jest ocena wyst\u0119powania substancji przeciwbakteryjnych (antybiotyk\u00f3w, sulfonamid\u00f3w i chinolon\u00f3w) w nawozach naturalnych i organicznych oraz okre\u015blenie czasu niezb\u0119dnego do ich&hellip;","_links":{"self":[{"href":"https:\/\/www.piwet.pulawy.pl\/en\/wp-json\/wp\/v2\/pages\/1606","targetHints":{"allow":["GET"]}}],"collection":[{"href":"https:\/\/www.piwet.pulawy.pl\/en\/wp-json\/wp\/v2\/pages"}],"about":[{"href":"https:\/\/www.piwet.pulawy.pl\/en\/wp-json\/wp\/v2\/types\/page"}],"author":[{"embeddable":true,"href":"https:\/\/www.piwet.pulawy.pl\/en\/wp-json\/wp\/v2\/users\/2"}],"replies":[{"embeddable":true,"href":"https:\/\/www.piwet.pulawy.pl\/en\/wp-json\/wp\/v2\/comments?post=1606"}],"version-history":[{"count":4,"href":"https:\/\/www.piwet.pulawy.pl\/en\/wp-json\/wp\/v2\/pages\/1606\/revisions"}],"predecessor-version":[{"id":1612,"href":"https:\/\/www.piwet.pulawy.pl\/en\/wp-json\/wp\/v2\/pages\/1606\/revisions\/1612"}],"wp:attachment":[{"href":"https:\/\/www.piwet.pulawy.pl\/en\/wp-json\/wp\/v2\/media?parent=1606"}],"curies":[{"name":"wp","href":"https:\/\/api.w.org\/{rel}","templated":true}]}}