{"id":1085,"date":"2025-05-22T12:33:47","date_gmt":"2025-05-22T10:33:47","guid":{"rendered":"https:\/\/172.25.0.6\/?page_id=1085"},"modified":"2025-10-07T13:38:12","modified_gmt":"2025-10-07T11:38:12","slug":"rodo","status":"publish","type":"page","link":"https:\/\/www.piwet.pulawy.pl\/en\/rodo\/","title":{"rendered":"RODO"},"content":{"rendered":"\n<h2 class=\"wp-block-heading\" id=\"about-14\">RODO<\/h2>\n\n\n\n<h4 class=\"wp-block-heading\" id=\"about-14-1\" style=\"font-size:16px\">Inspektor Ochrony Danych Osobowych<br><\/h4>\n\n\n\n<p style=\"font-size:16px\">Pani Beata Pruchniak<br>Tel: 609 231 050<br>e-mail: iod@piwet.pulawy.pl<\/p>\n\n\n\n<h4 class=\"wp-block-heading\" id=\"about-14-1\" style=\"font-size:16px\">Zast\u0119pca Inspektora Ochrony Danych Osobowych<\/h4>\n\n\n\n<p style=\"font-size:16px\">Pan Rafa\u0142 Wawer<br>Tel:&nbsp;691&nbsp;391&nbsp;176<\/p>\n\n\n\n<h4 class=\"wp-block-heading has-text-color has-link-color wp-elements-97482b58f70589a6155cce59dc434f96\" id=\"about-14-2\" style=\"color:#1a8314;font-size:20px\">Klauzula informacyjna o przetwarzaniu danych osobowych<\/h4>\n\n\n\n<p style=\"font-size:16px\">Zgodnie z art. 13 ust. 1 i ust. 2 Rozporz\u0105dzenia Parlamentu Europejskiego i Rady (UE) 2016\/679 z dnia 27 kwietnia 2016 r. w sprawie ochrony os\u00f3b fizycznych w zwi\u0105zku z przetwarzaniem danych osobowych i w sprawie swobodnego przep\u0142ywu takich danych oraz uchylenia dyrektywy 95\/46\/WE (og\u00f3lne rozporz\u0105dzenie o ochronie danych; dalej jako: RODO) informuj\u0119, i\u017c:<\/p>\n\n\n\n<ol start=\"1\" class=\"wp-block-list\">\n<li style=\"font-size:16px\">Administratorem Pani\/Pana danych osobowych jest Pa\u0144stwowy Instytut Weterynaryjny \u2014 Pa\u0144stwowy Instytut Badawczy (PIWet-PIB), z siedzib\u0105 w Pu\u0142awach; adres do korespondencji: ul. Partyzant\u00f3w 57, 24-100 Pu\u0142awy, adres e-mail:&nbsp;<a href=\"mailto:sekretariat@piwet.pulawy.pl\"><strong>sekretariat@piwet.pulawy.pl<\/strong><\/a>, tel.&nbsp;<a href=\"tel:+48818893000\"><strong>81&nbsp;889&nbsp;30&nbsp;00.<\/strong><\/a>, fax: 81&nbsp;8862595.<\/li>\n\n\n\n<li style=\"font-size:16px\">Je\u015bli ma Pani\/Pan pytania dotycz\u0105ce sposobu i zakresu przetwarzania Pani\/Pana danych osobowych w zakresie dzia\u0142ania Instytutu, a tak\u017ce przys\u0142uguj\u0105cych Pani\/Panu uprawnie\u0144, mo\u017ce si\u0119 Pani\/Pan skontaktowa\u0107 z Inspektorem Ochrony Danych Osobowych &#8211; Pani\u0105 Beat\u0105 Pruchniak, na adres poczty elektronicznej&nbsp;<a href=\"mailto:iod@piwet.pulawy.pl\"><strong>iod@piwet.pulawy.pl<\/strong><\/a>&nbsp;lub telefonicznie \u2013 tel.&nbsp;<a href=\"tel:+48609231050\"><strong>609&nbsp;231&nbsp;050.<\/strong><\/a><\/li>\n\n\n\n<li style=\"font-size:16px\">Administrator przetwarza Pani\/Pana dane osobowe na podstawie obowi\u0105zuj\u0105cych przepis\u00f3w prawa, w celu:\n<ul class=\"wp-block-list\">\n<li>realizacji zawartej z Pani\u0105\/Panem umowy (podstawa prawna: art. 6 ust. 1 lit. b RODO);<\/li>\n\n\n\n<li>wype\u0142nienia obowi\u0105zk\u00f3w prawnych ci\u0105\u017c\u0105cych na PIWet-PIB (podstawa prawna: art. 6 ust. 1 lit. c RODO);<\/li>\n\n\n\n<li>wynikaj\u0105cym z prawnie uzasadnionych interes\u00f3w realizowanych przez administratora (podstawa prawna: art. 6 ust. 1 lit. f RODO);<\/li>\n\n\n\n<li>w pozosta\u0142ych przypadkach Pani\/Pana dane osobowe przetwarzane s\u0105 wy\u0142\u0105cznie na podstawie wcze\u015bniej udzielonej zgody w zakresie i celu okre\u015blonym w tre\u015bci zgody (podstawa prawna: art. 6 ust. 1 lit. a RODO);<\/li>\n<\/ul>\n<\/li>\n\n\n\n<li style=\"font-size:16px\">W zwi\u0105zku z przetwarzaniem danych we wskazanym powy\u017cej celu, odbiorcami Pani\/Pana danych osobowych mog\u0105 by\u0107:<ul><li>inni administratorzy danych, kt\u00f3rzy otrzymaj\u0105 dane w zwi\u0105zku z realizacj\u0105 ich w\u0142asnych cel\u00f3w;<\/li><li>podmioty, kt\u00f3rym dane zosta\u0142y powierzone na podstawie umowy powierzenia przetwarzania danych;<\/li><li>organy publiczne;<\/li><li>osoby lub podmioty dzia\u0142aj\u0105ce na podstawie ustawy o dost\u0119pie do informacji publicznej.<\/li><\/ul>Dane osobowe b\u0119d\u0105 udost\u0119pnione tym podmiotom tylko w niezb\u0119dnym zakresie.<\/li>\n\n\n\n<li style=\"font-size:16px\">Pani\/Pana dane osobowe b\u0119d\u0105 przechowywane przez okres niezb\u0119dny do realizacji wskazanych cel\u00f3w lub przez okres d\u0142u\u017cszy, je\u017celi wymaga tego przepis odr\u0119bny &#8211; zgodnie z obowi\u0105zuj\u0105c\u0105 w PIWet-PIB Procedur\u0105 retencji danych osobowych. Po up\u0142ywie tego okresu s\u0105 niszczone w spos\u00f3b uniemo\u017cliwiaj\u0105cy ich odtworzenie.<\/li>\n\n\n\n<li style=\"font-size:16px\">Posiada Pani\/Pan prawo dost\u0119pu do tre\u015bci swoich danych osobowych (w tym prawo do uzyskania kopii tych danych) i prawo do ich sprostowania (poprawiania), usuni\u0119cia lub ograniczenia przetwarzania oraz prawo do wniesienia sprzeciwu wobec przetwarzania, a tak\u017ce prawo do przenoszenia danych (dotyczy zautomatyzowanego przetwarzania danych na podstawie Pani\/Pana zgody lub zawartej z Pani\u0105\/Panem umowy). Ka\u017cde z tych \u017c\u0105da\u0144 b\u0119dzie przez administratora rozpatrzone zgodnie z przepisami RODO i obowi\u0105zuj\u0105c\u0105 w PIWet-PIB Polityk\u0105 ochrony danych osobowych.<\/li>\n\n\n\n<li style=\"font-size:16px\">W sytuacji, gdy przetwarzanie danych osobowych odbywa si\u0119 na podstawie zgody osoby, kt\u00f3rej dane dotycz\u0105, podanie przez Pani\u0105\/Pana danych osobowych Administratorowi ma charakter dobrowolny. Przys\u0142uguje Pani\/Panu prawo do cofni\u0119cia zgody w dowolnym momencie. Cofni\u0119cie to nie ma wp\u0142ywu na zgodno\u015b\u0107 z obowi\u0105zuj\u0105cym prawem przetwarzania, kt\u00f3rego dokonano na podstawie zgody przed jej cofni\u0119ciem.<\/li>\n\n\n\n<li style=\"font-size:16px\">Podanie przez Pani\u0105\/Pana danych osobowych jest obowi\u0105zkowe w sytuacji, gdy przes\u0142ank\u0119 przetwarzania danych osobowych stanowi przepis prawa lub zawarta z Pani\u0105\/Panem umowa (gdy niepodanie danych uniemo\u017cliwia wykonanie umowy).<\/li>\n\n\n\n<li style=\"font-size:16px\">W przypadku powzi\u0119cia informacji o niezgodnym z prawem przetwarzaniu Pani\/Pana danych osobowych, przys\u0142uguje Pani\/Panu prawo wniesienia skargi do organu nadzorczego w\u0142a\u015bciwego w sprawach ochrony danych osobowych (PUODO): Biuro Prezesa Urz\u0119du Ochrony Danych Osobowych, ul. Stanis\u0142awa Moniuszki 1A, 00-014 Warszawa.<\/li>\n\n\n\n<li style=\"font-size:16px\">Pani\/Pana dane nie b\u0119d\u0105 przetwarzane w spos\u00f3b zautomatyzowany i nie b\u0119d\u0105 profilowane. Dane osobowe nie b\u0119d\u0105 przekazywane do pa\u0144stwa trzeciego lub organizacji mi\u0119dzynarodowej.<\/li>\n\n\n\n<li style=\"font-size:16px\">Siedziba Pa\u0144stwowego Instytutu Weterynaryjnego &#8211; Pa\u0144stwowego Instytutu Badawczego jest obj\u0119ta systemem monitoringu. Monitoring stosowany jest w ramach prawnie usprawiedliwionego interesu Administratora, w celu ochrony mienia oraz zapewnienia bezpiecze\u0144stwa. \u0179r\u00f3d\u0142em danych s\u0105 kamery systemu monitoringu. Przetwarzanie danych pozyskanych z monitoringu wizyjnego odbywa si\u0119 poprzez ich: zapisywanie, przechowywanie, przegl\u0105danie, udost\u0119pnianie i usuwanie, niezale\u017cnie od charakteru no\u015bnika, na kt\u00f3rym s\u0105 zapisywane. Miejsca obj\u0119te monitoringiem zosta\u0142y w spos\u00f3b widoczny i zgodny z obowi\u0105zuj\u0105cymi przepisami prawa oznakowane. Odbiorcami zarejestrowanych danych osobowych b\u0119d\u0105 wy\u0142\u0105cznie podmioty uprawnione do uzyskania danych osobowych na podstawie przepis\u00f3w prawa. Okres przechowywania danych pozyskanych z monitoringu, po up\u0142ywie kt\u00f3rego s\u0105 niszczone w spos\u00f3b uniemo\u017cliwiaj\u0105cy ich odtworzenie, wynosi:\n<ul class=\"wp-block-list\">\n<li>30 dni od daty nagrania \u2013 dla kamer obejmuj\u0105cych cz\u0119\u015b\u0107 mieszkaln\u0105 budynku WCKP, nowy budynek laboratoryjny, budynek wielofunkcyjny ABSL3 oraz magazyn odpad\u00f3w;<\/li>\n\n\n\n<li>37 dni od daty nagrania \u2013 dla kamer obejmuj\u0105cych obszar recepcji PIWet-PIB oraz ci\u0105g komunikacyjny na parterze segmentu A budynku Instytutu;<\/li>\n\n\n\n<li>13 dni od daty nagrania &#8211; dla pozosta\u0142ych kamer.<\/li>\n<\/ul>\n<\/li>\n\n\n\n<li style=\"font-size:16px\">Osoba zarejestrowana przez system monitoringu ma prawo do \u017c\u0105dania od Administratora dost\u0119pu do danych osobowych, prawo do ich sprostowania, usuni\u0119cia lub ograniczenia przetwarzania. Osobie zarejestrowanej przez system monitoringu przys\u0142uguje prawo wniesienia skargi do organu nadzorczego.<\/li>\n<\/ol>\n\n\n\n<h4 class=\"wp-block-heading has-text-color has-link-color wp-elements-7056751e7f92854a40030e6cd31ef582\" id=\"about-14-3\" style=\"color:#1a8314;font-size:20px\">Polityka prywatno\u015bci<\/h4>\n\n\n\n<p style=\"font-size:16px\">Na stronach internetowych Pa\u0144stwowego Instytutu Weterynaryjnego \u2013 Pa\u0144stwowego Instytutu Badawczego stosowane s\u0105 pliki &#8220;cookies&#8221; zgodnie z Polityk\u0105 prywatno\u015bci. Korzystaj\u0105c z niej, wyra\u017casz zgod\u0119 na ich u\u017cywanie. W ka\u017cdej chwili mo\u017cesz wy\u0142\u0105czy\u0107 ten mechanizm w ustawieniach swojej przegl\u0105darki.<\/p>\n\n\n\n<p style=\"font-size:16px\">Pa\u0144stwowy Instytut Weterynaryjny \u2013 Pa\u0144stwowy Instytut Badawczy w Pu\u0142awach (&#8220;PIWet-PIB&#8221;) przywi\u0105zuje szczeg\u00f3ln\u0105 wag\u0119 do poszanowania prywatno\u015bci u\u017cytkownik\u00f3w serwisu \u201epiwet.pulawy.pl\u201d, zwanego dalej \u201ePortalem\u201d. W zwi\u0105zku z powy\u017cszym PIWet-PIB wdra\u017ca poni\u017csz\u0105 Polityk\u0119 Prywatno\u015bci i zach\u0119ca ka\u017cdego u\u017cytkownika serwisu do zapoznania si\u0119 z ni\u0105:<\/p>\n\n\n\n<ol start=\"1\" class=\"wp-block-list\">\n<li style=\"font-size:16px\">Korzystaj\u0105c z Portalu u\u017cytkownik akceptuje niniejsz\u0105 Polityk\u0119 Prywatno\u015bci.<\/li>\n\n\n\n<li style=\"font-size:16px\">Dane osobowe w Portalu mog\u0105 by\u0107 gromadzone poprzez nast\u0119puj\u0105ce dzia\u0142ania:\n<ol start=\"1\" style=\"list-style-type:lower-alpha\" class=\"wp-block-list\">\n<li>informacje podawane w formularzach zamieszczonych w Portalu,<\/li>\n\n\n\n<li>informacje zbierane w spos\u00f3b automatyczny podczas korzystania z Portalu, tj.:\n<ol start=\"1\" style=\"list-style-type:lower-roman\" class=\"wp-block-list\">\n<li>informacje zapisywane automatycznie w logach serwer\u00f3w oraz Portalu, np. adres IP, \u017c\u0105danie strony wysy\u0142ane przez u\u017cytkownika, data i godzina \u017c\u0105dania, typ przegl\u0105darki, j\u0119zyk przegl\u0105darki, dane urz\u0105dzenia, typ systemu operacyjnego,<\/li>\n\n\n\n<li>pliki \u201ecookies\u201d \u2013 niewielkie pliki tekstowe wysy\u0142ane przez Portal na urz\u0105dzenie u\u017cytkownika odwiedzaj\u0105cego Portal (np. komputer, laptop, smartfon).<\/li>\n<\/ol>\n<\/li>\n<\/ol>\n<\/li>\n\n\n\n<li style=\"font-size:16px\">Informacje zbierane w spos\u00f3b automatyczny s\u0142u\u017c\u0105 do realizacji nast\u0119puj\u0105cych cel\u00f3w:\n<ol start=\"1\" style=\"list-style-type:lower-alpha\" class=\"wp-block-list\">\n<li>administrowania serwerami i Portalem,<\/li>\n\n\n\n<li>zapewnienia bezpiecze\u0144stwa oraz ochrony danych i Portalu,<\/li>\n\n\n\n<li>zapewnienia \u015bwiadczenia u\u017cytkownikowi okre\u015blonych us\u0142ug,<\/li>\n\n\n\n<li>dostosowanie Portalu do potrzeb u\u017cytkownik\u00f3w,<\/li>\n\n\n\n<li>tworzenie statystyk ogl\u0105dalno\u015bci podstron Portalu,<\/li>\n\n\n\n<li>utrzymanie sesji u\u017cytkownika (po zalogowaniu), dzi\u0119ki czemu u\u017cytkownik nie musi na ka\u017cdej podstronie serwisu ponownie wpisywa\u0107 Loginu i Has\u0142a<\/li>\n<\/ol>\n<\/li>\n\n\n\n<li style=\"font-size:16px\">Pliki \u201ecookies\u201d s\u0142u\u017c\u0105 do realizacji nast\u0119puj\u0105cych cel\u00f3w:\n<ol start=\"1\" style=\"list-style-type:lower-alpha\" class=\"wp-block-list\">\n<li>zapewnienie prawid\u0142owego dzia\u0142ania witryn Portalu w przegl\u0105darce u\u017cytkownika,<\/li>\n\n\n\n<li>u\u0142atwienia u\u017cytkownikowi korzystania z Portalu i dopasowania go do potrzeb u\u017cytkownika,<\/li>\n\n\n\n<li>zapami\u0119tywania indywidualnych ustawie\u0144 i preferencji u\u017cytkownika,<\/li>\n\n\n\n<li>tworzenia statystyk Portalu umo\u017cliwiaj\u0105cych poznanie oczekiwa\u0144 u\u017cytkownik\u00f3w i rozw\u00f3j Portalu tak, aby u\u0142atwi\u0107 dotarcie do najcz\u0119\u015bciej poszukiwanych informacji (np. poprzez analiz\u0119 zapyta\u0144 z wyszukiwarek).<\/li>\n<\/ol>\n<\/li>\n\n\n\n<li style=\"font-size:16px\">Przegl\u0105darki internetowe zwykle domy\u015blnie dopuszczaj\u0105 przechowywanie plik\u00f3w \u201ecookies\u201d na urz\u0105dzeniu u\u017cytkownika.<\/li>\n\n\n\n<li style=\"font-size:16px\">Przyk\u0142adowe pliki \u201ecookies\u201d i ich wykorzystanie w Portalu:\n<ol start=\"1\" style=\"list-style-type:lower-alpha\" class=\"wp-block-list\">\n<li>Pliki \u201ecookies\u201d s\u0142u\u017c\u0105ce do okre\u015blenia statystyk popularno\u015bci stron, ilo\u015bci odwiedzin i rozk\u0142adu odwiedzin w czasie,<\/li>\n\n\n\n<li>Pliki \u201ecookies\u201d ustawiane przez serwer aplikacyjny przyznawane przy pierwszej wizycie na Portalu, usuwane po pewnym czasie braku aktywno\u015bci b\u0105d\u017a w wyniku zako\u0144czenia ustalonej czynno\u015bci na Portalu, np. opuszczenie strony, zamkni\u0119cie przegl\u0105darki, wylogowanie (JSESSIONID, LFR_SESSION_STATE),<\/li>\n\n\n\n<li>Pliki \u201ecookies\u201d dedykowane ustawiane przez szablony:\n<ol start=\"1\" style=\"list-style-type:lower-roman\" class=\"wp-block-list\">\n<li>u\u017cywane do zapami\u0119tania preferencji wielko\u015bci czcionki, kontrastu (contrast, text-size),<\/li>\n<\/ol>\n<\/li>\n<\/ol>\n<\/li>\n\n\n\n<li style=\"font-size:16px\">U\u017cytkownik ma mo\u017cliwo\u015b\u0107 skonfigurowania w\u0142asnej przegl\u0105darki internetowej tak, aby ca\u0142kowicie lub cz\u0119\u015bciowo wy\u0142\u0105czy\u0107 przechowywanie plik\u00f3w \u201ecookies\u201d na urz\u0105dzeniu. Wy\u0142\u0105czenie przechowywania plik\u00f3w \u201ecookies\u201d mo\u017ce spowodowa\u0107, \u017ce niekt\u00f3re funkcje Portalu mog\u0105 nie dzia\u0142a\u0107 poprawnie.<br>Jak zablokowa\u0107 pliki \u201ecookies\u201d:<br>U\u017cytkownik mo\u017ce zdecydowa\u0107 o zapisywaniu b\u0105d\u017a nie plik\u00f3w \u201ecookies\u201d w ustawieniach przegl\u0105darki.<ol start=\"1\" type=\"a\"><li>w przegl\u0105darce Firefox: Opcje &gt; Prywatno\u015b\u0107<\/li><li>w przegl\u0105darce Chrome: Ustawienia &gt; Ustawienia zaawansowane &gt; Prywatno\u015b\u0107 &gt; Ustawienia tre\u015bci<\/li><li>w przegl\u0105darce Internet Explorer: Narz\u0119dzia &gt; Opcje internetowe &gt; Prywatno\u015b\u0107 (pozwala wybra\u0107 r\u00f3\u017cne poziomy ochrony) &gt; Zaawansowane<\/li><li>w przegl\u0105darce Opera: Preferencje &gt; Zaawansowane &gt; Ciasteczka (pliki \u201ecookies\u201d)<\/li><\/ol>W ka\u017cdej przegl\u0105darce ustawienia plik\u00f3w \u201ecookies\u201d ustawia si\u0119 osobno.<\/li>\n\n\n\n<li style=\"font-size:16px\">Przy korzystaniu z Portalu cz\u0119\u015b\u0107 danych o u\u017cytkowniku mo\u017ce by\u0107 automatycznie zbierana i przetwarzana. Dodatkowo wykorzystywane s\u0105: wtyczki, przyciski lub inne narz\u0119dzia umo\u017cliwiaj\u0105ce dzielenie si\u0119 tre\u015bci\u0105 na portalach spo\u0142eczno\u015bciowych, takich jak: Twitter, mapy Google Maps, oraz filmy z serwisu YouTube.<\/li>\n\n\n\n<li style=\"font-size:16px\">Przetwarzamy dane na portalach spo\u0142eczno\u015bciowych. Czynno\u015b\u0107 korzystania z nich z jest zgod\u0105 w rozumienia art. 6 ust. 1 lit. a RODO. Portale profiluj\u0105 dane osobowe na w\u0142asnych zasadach. Wi\u0119cej:<br>YouTube \u2014 szczeg\u00f3\u0142owe informacje mo\u017cna znale\u017a\u0107 w o\u015bwiadczeniu o ochronie prywatno\u015bci: https:\/\/www.youtube.com\/intl\/ALL_pl\/howyoutubeworks\/user-settings\/privacy\/<br>Twitter &#8211; ustawienia dotycz\u0105ce ochrony danych na Twitterze mo\u017cesz samodzielnie dostosowa\u0107 na swoim koncie u\u017cytkownika https:\/\/twitter.com\/personalization<\/li>\n\n\n\n<li style=\"font-size:16px\">PIWet-PIB nie odpowiada za polityk\u0119 prywatno\u015bci podmiot\u00f3w zewn\u0119trznych mi\u0119dzy innymi serwis\u00f3w, do kt\u00f3rych zamieszcza linki. U\u017cytkownik powinien zapozna\u0107 si\u0119 z zasadami obowi\u0105zuj\u0105cymi u tych podmiot\u00f3w.<\/li>\n\n\n\n<li style=\"font-size:16px\">PIWet-PIB dok\u0142ada wszelkich stara\u0144, aby chroni\u0107 Portal wraz z przetwarzanymi na nim danymi, m.in. przed nieuprawnionym dost\u0119pem os\u00f3b trzecich. W tym celu PIWet-PIB stosuje fizyczne \u015brodki bezpiecze\u0144stwa, systemy bezpiecze\u0144stwa zabezpieczaj\u0105ce dost\u0119p do serwer\u00f3w i serwisu oraz rozwi\u0105zania kryptograficzne. Dane osobowe udost\u0119pniane s\u0105 wy\u0142\u0105cznie tym pracownikom oraz podmiotom, kt\u00f3rym s\u0105 one niezb\u0119dne do realizacji zada\u0144 i s\u0105 one przetwarzane wy\u0142\u0105cznie w celach opisanych w niniejszej Polityce Prywatno\u015bci.<\/li>\n\n\n\n<li style=\"font-size:16px\">PIWet-PIB jest administratorem danych przetwarzanych w zwi\u0105zku z korzystaniem z Portalu, z wy\u0142\u0105czeniem danych zbieranych przez podmioty zewn\u0119trzne, o kt\u00f3rych mowa w pkt 8 i 9.<\/li>\n\n\n\n<li style=\"font-size:16px\">PIWet-PIB przetwarzaj\u0105c dane, przestrzega przepis\u00f3w o ochronie danych osobowych, w tym przepis\u00f3w rozporz\u0105dzenia Parlamentu Europejskiego i Rady (UE) 2016\/679 z dnia 27 kwietnia 2016 r. w sprawie ochrony os\u00f3b fizycznych w zwi\u0105zku z przetwarzaniem danych osobowych i w sprawie swobodnego przep\u0142ywu takich danych oraz uchylenia dyrektywy 95\/46\/WE (tzw. RODO).<\/li>\n\n\n\n<li style=\"font-size:16px\">Dane osobowe u\u017cytkownik\u00f3w zabrane w celach opisanych w pkt. 3 i 4 niniejszej Polityki Prywatno\u015bci b\u0119d\u0105 przetwarzane przez okres niezb\u0119dny do realizacji danego celu.<\/li>\n\n\n\n<li style=\"font-size:16px\">Dane osobowe s\u0105 przekazywane do podmiot\u00f3w przetwarzaj\u0105cych dane w imieniu administratora danych w zwi\u0105zku ze \u015bwiadczeniem us\u0142ug na rzecz PIWet-PIB.<\/li>\n\n\n\n<li style=\"font-size:16px\">U\u017cytkownikowi przys\u0142uguje prawo do \u017c\u0105dania od administratora danych osobowych:\n<ol start=\"1\" style=\"list-style-type:lower-alpha\" class=\"wp-block-list\">\n<li>dost\u0119pu do swoich danych osobowych,<\/li>\n\n\n\n<li>ich sprostowania,<\/li>\n\n\n\n<li>ograniczenia ich przetwarzania,<\/li>\n\n\n\n<li>przeniesienia danych do innego administratora danych,<\/li>\n\n\n\n<li>wniesienia sprzeciwu.<\/li>\n<\/ol>\n<\/li>\n\n\n\n<li style=\"font-size:16px\">U\u017cytkownikowi przys\u0142uguje r\u00f3wnie\u017c prawo do wniesienia skargi do Prezesa Urz\u0119du Ochrony Danych Osobowych, je\u015bli uzna, \u017ce przetwarzanie jego danych osobowych narusza przepisy RODO.<\/li>\n<\/ol>\n\n\n\n<p><\/p>\n","protected":false},"excerpt":{"rendered":"<p>RODO Inspektor Ochrony Danych Osobowych Pani Beata PruchniakTel: 609 231 050e-mail: iod@piwet.pulawy.pl Zast\u0119pca Inspektora Ochrony Danych Osobowych Pan Rafa\u0142 WawerTel:&nbsp;691&nbsp;391&nbsp;176 Klauzula informacyjna o przetwarzaniu danych osobowych Zgodnie z art. 13 ust. 1 i ust. 2 Rozporz\u0105dzenia Parlamentu Europejskiego i Rady (UE) 2016\/679 z dnia 27 kwietnia 2016 r. w sprawie ochrony os\u00f3b fizycznych w zwi\u0105zku [&hellip;]<\/p>\n","protected":false},"author":2,"featured_media":0,"parent":0,"menu_order":0,"comment_status":"closed","ping_status":"closed","template":"fullwidth-page.php","meta":{"footnotes":""},"class_list":["post-1085","page","type-page","status-publish","hentry"],"rttpg_featured_image_url":null,"rttpg_author":{"display_name":"Marta Antas","author_link":"https:\/\/www.piwet.pulawy.pl\/en\/author\/mantas\/"},"rttpg_comment":0,"rttpg_category":false,"rttpg_excerpt":"RODO Inspektor Ochrony Danych Osobowych Pani Beata PruchniakTel: 609 231 050e-mail: iod@piwet.pulawy.pl Zast\u0119pca Inspektora Ochrony Danych Osobowych Pan Rafa\u0142 WawerTel:&nbsp;691&nbsp;391&nbsp;176 Klauzula informacyjna o przetwarzaniu danych osobowych Zgodnie z art. 13 ust. 1 i ust. 2 Rozporz\u0105dzenia Parlamentu Europejskiego i Rady (UE) 2016\/679 z dnia 27 kwietnia 2016 r. w sprawie ochrony os\u00f3b fizycznych w zwi\u0105zku&hellip;","_links":{"self":[{"href":"https:\/\/www.piwet.pulawy.pl\/en\/wp-json\/wp\/v2\/pages\/1085","targetHints":{"allow":["GET"]}}],"collection":[{"href":"https:\/\/www.piwet.pulawy.pl\/en\/wp-json\/wp\/v2\/pages"}],"about":[{"href":"https:\/\/www.piwet.pulawy.pl\/en\/wp-json\/wp\/v2\/types\/page"}],"author":[{"embeddable":true,"href":"https:\/\/www.piwet.pulawy.pl\/en\/wp-json\/wp\/v2\/users\/2"}],"replies":[{"embeddable":true,"href":"https:\/\/www.piwet.pulawy.pl\/en\/wp-json\/wp\/v2\/comments?post=1085"}],"version-history":[{"count":4,"href":"https:\/\/www.piwet.pulawy.pl\/en\/wp-json\/wp\/v2\/pages\/1085\/revisions"}],"predecessor-version":[{"id":3755,"href":"https:\/\/www.piwet.pulawy.pl\/en\/wp-json\/wp\/v2\/pages\/1085\/revisions\/3755"}],"wp:attachment":[{"href":"https:\/\/www.piwet.pulawy.pl\/en\/wp-json\/wp\/v2\/media?parent=1085"}],"curies":[{"name":"wp","href":"https:\/\/api.w.org\/{rel}","templated":true}]}}